{"id":5593265,"date":"2026-01-23T12:02:00","date_gmt":"2026-01-23T11:02:00","guid":{"rendered":"https:\/\/bocagimmo.com\/bien\/non%20class\u00e9\/5593265\/"},"modified":"2026-02-23T13:08:56","modified_gmt":"2026-02-23T12:08:56","slug":"maison-de-campagne-4-chambres","status":"publish","type":"product","link":"https:\/\/bocagimmo.com\/en\/bien\/vente-vendee-deux-sevres\/maison-de-campagne-4-chambres\/","title":{"rendered":"Maison de campagne &#8211; 4 chambres"},"content":{"rendered":"<p>4 CHAMBRES. POSEZ VOS VALISES !<br \/>\nVotre agence immobili\u00e8re AIP La Ch\u00e2taigneraie vous propose \u00e0 Mouilleron Saint Germain :<br \/>\nCette maison de campagne r\u00e9nov\u00e9e avec go\u00fbt en 2024 sur une parcelle d&#8217;environ 3100m\u00b2.<br \/>\nAvec 145m\u00b2 habitables, l&#8217;habitation se compose au RDC d&#8217;une entr\u00e9e, d&#8217;une cuisine am\u00e9nag\u00e9e de 23m\u00b2 avec acc\u00e8s \u00e0 une terrasse c\u00f4t\u00e9 ouest, d&#8217;une arri\u00e8re-cuisine de 14m\u00b2, d&#8217;un salon de 26m\u00b2 avec acc\u00e8s \u00e0 une terrasse c\u00f4t\u00e9 sud, de 2 chambres de 14m\u00b2 et 10m\u00b2, WC, d&#8217;une salle d&#8217;eau de 7m\u00b2 et d&#8217;un garage avec grenier. A l&#8217;\u00e9tage :  2 chambres de 20m\u00b2 et 17m\u00b2 dont une avec sa salle d&#8217;eau\/WC.<br \/>\nToiture tuile en bon \u00e9tat. Isolation par l&#8217;ext\u00e9rieur c\u00f4t\u00e9 Nord. Ouverture PVC double vitrage. Volets roulants \u00e9lectriques. Moustiquaires. Chauffage po\u00eale \u00e0 bois avec diffusion de chaleur dans les pi\u00e8ces et chauffage \u00e9lectrique. Deux ballons d&#8217;eau chaude. VMC. Pergola avec rideau de voilage manuel. Fibre optique. Fosse septique conforme. Portail \u00e0 l&#8217;entr\u00e9e de la propri\u00e9t\u00e9. Le tout sur une parcelle paysag\u00e9e et close.<\/p>\n<p>Les informations sur les risques auxquels ce bien est expos\u00e9 sont disponibles sur le site G\u00e9orisques : www.georisques.gouv.fr<\/p>\n","protected":false},"excerpt":{"rendered":"<p>4 CHAMBRES. POSEZ VOS VALISES !<br \/>\nVotre agence immobili\u00e8re AIP La Ch\u00e2taigneraie vous propose \u00e0 Mouilleron Saint Germain :<br \/>\nCette maison de campagne r\u00e9nov\u00e9e avec go\u00fbt en 2024 sur une parcelle d&#8217;environ 3100m\u00b2.<br \/>\nAvec 145m\u00b2 habitables, l&#8217;habitation se compose au RDC d&#8217;une entr\u00e9e, d&#8217;une cuisine am\u00e9nag\u00e9e de 23m\u00b2 avec acc\u00e8s \u00e0 une terrasse c\u00f4t\u00e9 ouest, d&#8217;une arri\u00e8re-cuisine de 14m\u00b2, d&#8217;un salon de 26m\u00b2 avec acc\u00e8s \u00e0 une terrasse c\u00f4t\u00e9 sud, de 2 chambres de 14m\u00b2 et 10m\u00b2, WC, d&#8217;une salle d&#8217;eau de 7m\u00b2 et d&#8217;un garage avec grenier. A l&#8217;\u00e9tage :  2 chambres de 20m\u00b2 et 17m\u00b2 dont une avec sa salle d&#8217;eau\/WC.<br \/>\nToiture tuile en bon \u00e9tat. Isolation par l&#8217;ext\u00e9rieur c\u00f4t\u00e9 Nord. Ouverture PVC double vitrage. Volets roulants \u00e9lectriques. Moustiquaires. Chauffage po\u00eale \u00e0 bois avec diffusion de chaleur dans les pi\u00e8ces et chauffage \u00e9lectrique. Deux ballons d&#8217;eau chaude. VMC. Pergola avec rideau de voilage manuel. Fibre optique. Fosse septique conforme. Portail \u00e0 l&#8217;entr\u00e9e de la propri\u00e9t\u00e9. Le tout sur une parcelle paysag\u00e9e et close.<\/p>\n<p>Les informations sur les risques auxquels ce bien est expos\u00e9 sont disponibles sur le site G\u00e9orisques : www.georisques.gouv.fr<\/p>\n","protected":false},"featured_media":5876290,"template":"","meta":{"_acf_changed":false},"product_cat":[17],"product_tag":[29],"secteur":[86],"transaction":[],"ville":[159],"class_list":{"0":"post-5593265","1":"product","2":"type-product","3":"status-publish","4":"has-post-thumbnail","6":"product_cat-vente-vendee-deux-sevres","7":"product_tag-maison","8":"secteur-la-chataigneraie","9":"ville-mouilleron-en-pareds","11":"first","12":"instock","13":"purchasable","14":"product-type-simple"},"acf":[],"_links":{"self":[{"href":"https:\/\/bocagimmo.com\/en\/wp-json\/wp\/v2\/product\/5593265","targetHints":{"allow":["GET"]}}],"collection":[{"href":"https:\/\/bocagimmo.com\/en\/wp-json\/wp\/v2\/product"}],"about":[{"href":"https:\/\/bocagimmo.com\/en\/wp-json\/wp\/v2\/types\/product"}],"wp:featuredmedia":[{"embeddable":true,"href":"https:\/\/bocagimmo.com\/en\/wp-json\/wp\/v2\/media\/5876290"}],"wp:attachment":[{"href":"https:\/\/bocagimmo.com\/en\/wp-json\/wp\/v2\/media?parent=5593265"}],"wp:term":[{"taxonomy":"product_cat","embeddable":true,"href":"https:\/\/bocagimmo.com\/en\/wp-json\/wp\/v2\/product_cat?post=5593265"},{"taxonomy":"product_tag","embeddable":true,"href":"https:\/\/bocagimmo.com\/en\/wp-json\/wp\/v2\/product_tag?post=5593265"},{"taxonomy":"secteur","embeddable":true,"href":"https:\/\/bocagimmo.com\/en\/wp-json\/wp\/v2\/secteur?post=5593265"},{"taxonomy":"transaction","embeddable":true,"href":"https:\/\/bocagimmo.com\/en\/wp-json\/wp\/v2\/transaction?post=5593265"},{"taxonomy":"ville","embeddable":true,"href":"https:\/\/bocagimmo.com\/en\/wp-json\/wp\/v2\/ville?post=5593265"}],"curies":[{"name":"wp","href":"https:\/\/api.w.org\/{rel}","templated":true}]}}