{"id":5595977,"date":"2026-01-05T11:55:00","date_gmt":"2026-01-05T10:55:00","guid":{"rendered":"https:\/\/bocagimmo.com\/bien\/non%20class\u00e9\/5595977\/"},"modified":"2026-02-23T13:39:20","modified_gmt":"2026-02-23T12:39:20","slug":"5595977","status":"publish","type":"product","link":"https:\/\/bocagimmo.com\/en\/bien\/vente-vendee-deux-sevres\/5595977\/","title":{"rendered":""},"content":{"rendered":"<p>Votre agence immobili\u00e8re AIP POUZAUGES vous propose en EXCLUSIVITE :<br \/>\nCette belle propri\u00e9t\u00e9, id\u00e9alement situ\u00e9e en campagne, \u00e0 18 minutes du Puy du Fou qui sera id\u00e9ale pour une activit\u00e9 touristique (g\u00eetes\/chambres d\u2019h\u00f4tes) ou un projet familial !<br \/>\nLa maison, en pierre, comprend une entr\u00e9e, un salon \/ s\u00e9jour avec insert, une cuisine am\u00e9nag\u00e9e et \u00e9quip\u00e9e, un bureau, une buanderie, un garage, une cave.<br \/>\nA l\u2019\u00e9tage : 3 grandes chambres avec dressing dont une suite parentale avec salle d\u2019eau privative et dressing, une salle d\u2019eau, WC.<br \/>\nAttenant, un studio avec son acc\u00e8s ind\u00e9pendant comprenant un coin cuisine, un espace nuit, une salle d\u2019eau avec WC.<br \/>\nDeux belles granges \u00e0 am\u00e9nager selon votre projet, des b\u00e2timents de stockage compl\u00e8tent cet ensemble id\u00e9alement situ\u00e9 en pleine nature sur 1,7 ha.<br \/>\nCalme de la campagne, charme et authenticit\u00e9, n\u2019h\u00e9sitez plus et venez visiter cette superbe propri\u00e9t\u00e9 !!<\/p>\n<p>Les informations sur les risques auxquels ce bien est expos\u00e9 sont disponibles sur le site g\u00e9orisques : www.georisques.gouv.fr<\/p>\n","protected":false},"excerpt":{"rendered":"<p>Votre agence immobili\u00e8re AIP POUZAUGES vous propose en EXCLUSIVITE :<br \/>\nCette belle propri\u00e9t\u00e9, id\u00e9alement situ\u00e9e en campagne, \u00e0 18 minutes du Puy du Fou qui sera id\u00e9ale pour une activit\u00e9 touristique (g\u00eetes\/chambres d\u2019h\u00f4tes) ou un projet familial !<br \/>\nLa maison, en pierre, comprend une entr\u00e9e, un salon \/ s\u00e9jour avec insert, une cuisine am\u00e9nag\u00e9e et \u00e9quip\u00e9e, un bureau, une buanderie, un garage, une cave.<br \/>\nA l\u2019\u00e9tage : 3 grandes chambres avec dressing dont une suite parentale avec salle d\u2019eau privative et dressing, une salle d\u2019eau, WC.<br \/>\nAttenant, un studio avec son acc\u00e8s ind\u00e9pendant comprenant un coin cuisine, un espace nuit, une salle d\u2019eau avec WC.<br \/>\nDeux belles granges \u00e0 am\u00e9nager selon votre projet, des b\u00e2timents de stockage compl\u00e8tent cet ensemble id\u00e9alement situ\u00e9 en pleine nature sur 1,7 ha.<br \/>\nCalme de la campagne, charme et authenticit\u00e9, n\u2019h\u00e9sitez plus et venez visiter cette superbe propri\u00e9t\u00e9 !!<\/p>\n<p>Les informations sur les risques auxquels ce bien est expos\u00e9 sont disponibles sur le site g\u00e9orisques : www.georisques.gouv.fr<\/p>\n","protected":false},"featured_media":5876593,"template":"","meta":{"_acf_changed":false},"product_cat":[17],"product_tag":[485],"secteur":[84],"transaction":[],"ville":[378],"class_list":{"0":"post-5595977","1":"product","2":"type-product","3":"status-publish","4":"has-post-thumbnail","6":"product_cat-vente-vendee-deux-sevres","7":"product_tag-propriete","8":"secteur-pouzauges","9":"ville-sevremont","11":"first","12":"instock","13":"purchasable","14":"product-type-simple"},"acf":[],"_links":{"self":[{"href":"https:\/\/bocagimmo.com\/en\/wp-json\/wp\/v2\/product\/5595977","targetHints":{"allow":["GET"]}}],"collection":[{"href":"https:\/\/bocagimmo.com\/en\/wp-json\/wp\/v2\/product"}],"about":[{"href":"https:\/\/bocagimmo.com\/en\/wp-json\/wp\/v2\/types\/product"}],"wp:featuredmedia":[{"embeddable":true,"href":"https:\/\/bocagimmo.com\/en\/wp-json\/wp\/v2\/media\/5876593"}],"wp:attachment":[{"href":"https:\/\/bocagimmo.com\/en\/wp-json\/wp\/v2\/media?parent=5595977"}],"wp:term":[{"taxonomy":"product_cat","embeddable":true,"href":"https:\/\/bocagimmo.com\/en\/wp-json\/wp\/v2\/product_cat?post=5595977"},{"taxonomy":"product_tag","embeddable":true,"href":"https:\/\/bocagimmo.com\/en\/wp-json\/wp\/v2\/product_tag?post=5595977"},{"taxonomy":"secteur","embeddable":true,"href":"https:\/\/bocagimmo.com\/en\/wp-json\/wp\/v2\/secteur?post=5595977"},{"taxonomy":"transaction","embeddable":true,"href":"https:\/\/bocagimmo.com\/en\/wp-json\/wp\/v2\/transaction?post=5595977"},{"taxonomy":"ville","embeddable":true,"href":"https:\/\/bocagimmo.com\/en\/wp-json\/wp\/v2\/ville?post=5595977"}],"curies":[{"name":"wp","href":"https:\/\/api.w.org\/{rel}","templated":true}]}}