{"id":5597104,"date":"2026-01-05T11:42:00","date_gmt":"2026-01-05T10:42:00","guid":{"rendered":"https:\/\/bocagimmo.com\/bien\/non%20class\u00e9\/5597104\/"},"modified":"2026-02-23T13:39:33","modified_gmt":"2026-02-23T12:39:33","slug":"5597104","status":"publish","type":"product","link":"https:\/\/bocagimmo.com\/en\/bien\/vente-vendee-deux-sevres\/5597104\/","title":{"rendered":""},"content":{"rendered":"<p>Votre agence immobili\u00e8re AIP POUZAUGES vous propose :<br \/>\nCe charmant pavillon de plain-pied de 1972, de 150 m\u00b2 habitable, id\u00e9alement situ\u00e9 dans Pouzauges, \u00e0 proximit\u00e9 des diff\u00e9rents services.<br \/>\nIl comprend une entr\u00e9e, un salon avec chemin\u00e9e, un s\u00e9jour lumineux ouvert sur une grande v\u00e9randa, une cuisine \u00e9quip\u00e9e et am\u00e9nag\u00e9e, trois chambres avec placard, une salle de bain avec WC, une salle d&#8217;eau, WC ind\u00e9pendant, une buanderie, un double garage, un atelier.<br \/>\nLa maison est \u00e9quip\u00e9e d\u2019un syst\u00e8me d\u2019a\u00e9rothermie, d&#8217;ouvertures double vitrage en alu, et chauffage \u00e9lectrique.<br \/>\nUne terrasse couverte avec barbecue compl\u00e8te l\u2019ensemble, le tout sur un terrain clos et arbor\u00e9 d&#8217;environ 900m\u00b2.<br \/>\nA d\u00e9couvrir sans tarder !<br \/>\nLes informations sur les risques auxquels ce bien est expos\u00e9 sont disponibles sur le site g\u00e9orisques : www.georisques.gouv.fr<\/p>\n","protected":false},"excerpt":{"rendered":"<p>Votre agence immobili\u00e8re AIP POUZAUGES vous propose :<br \/>\nCe charmant pavillon de plain-pied de 1972, de 150 m\u00b2 habitable, id\u00e9alement situ\u00e9 dans Pouzauges, \u00e0 proximit\u00e9 des diff\u00e9rents services.<br \/>\nIl comprend une entr\u00e9e, un salon avec chemin\u00e9e, un s\u00e9jour lumineux ouvert sur une grande v\u00e9randa, une cuisine \u00e9quip\u00e9e et am\u00e9nag\u00e9e, trois chambres avec placard, une salle de bain avec WC, une salle d&#8217;eau, WC ind\u00e9pendant, une buanderie, un double garage, un atelier.<br \/>\nLa maison est \u00e9quip\u00e9e d\u2019un syst\u00e8me d\u2019a\u00e9rothermie, d&#8217;ouvertures double vitrage en alu, et chauffage \u00e9lectrique.<br \/>\nUne terrasse couverte avec barbecue compl\u00e8te l\u2019ensemble, le tout sur un terrain clos et arbor\u00e9 d&#8217;environ 900m\u00b2.<br \/>\nA d\u00e9couvrir sans tarder !<br \/>\nLes informations sur les risques auxquels ce bien est expos\u00e9 sont disponibles sur le site g\u00e9orisques : www.georisques.gouv.fr<\/p>\n","protected":false},"featured_media":5876612,"template":"","meta":{"_acf_changed":false},"product_cat":[17],"product_tag":[29],"secteur":[84],"transaction":[],"ville":[187],"class_list":{"0":"post-5597104","1":"product","2":"type-product","3":"status-publish","4":"has-post-thumbnail","6":"product_cat-vente-vendee-deux-sevres","7":"product_tag-maison","8":"secteur-pouzauges","9":"ville-pouzauges","11":"first","12":"instock","13":"purchasable","14":"product-type-simple"},"acf":[],"_links":{"self":[{"href":"https:\/\/bocagimmo.com\/en\/wp-json\/wp\/v2\/product\/5597104","targetHints":{"allow":["GET"]}}],"collection":[{"href":"https:\/\/bocagimmo.com\/en\/wp-json\/wp\/v2\/product"}],"about":[{"href":"https:\/\/bocagimmo.com\/en\/wp-json\/wp\/v2\/types\/product"}],"wp:featuredmedia":[{"embeddable":true,"href":"https:\/\/bocagimmo.com\/en\/wp-json\/wp\/v2\/media\/5876612"}],"wp:attachment":[{"href":"https:\/\/bocagimmo.com\/en\/wp-json\/wp\/v2\/media?parent=5597104"}],"wp:term":[{"taxonomy":"product_cat","embeddable":true,"href":"https:\/\/bocagimmo.com\/en\/wp-json\/wp\/v2\/product_cat?post=5597104"},{"taxonomy":"product_tag","embeddable":true,"href":"https:\/\/bocagimmo.com\/en\/wp-json\/wp\/v2\/product_tag?post=5597104"},{"taxonomy":"secteur","embeddable":true,"href":"https:\/\/bocagimmo.com\/en\/wp-json\/wp\/v2\/secteur?post=5597104"},{"taxonomy":"transaction","embeddable":true,"href":"https:\/\/bocagimmo.com\/en\/wp-json\/wp\/v2\/transaction?post=5597104"},{"taxonomy":"ville","embeddable":true,"href":"https:\/\/bocagimmo.com\/en\/wp-json\/wp\/v2\/ville?post=5597104"}],"curies":[{"name":"wp","href":"https:\/\/api.w.org\/{rel}","templated":true}]}}