{"id":5598897,"date":"2026-01-07T09:53:00","date_gmt":"2026-01-07T08:53:00","guid":{"rendered":"https:\/\/bocagimmo.com\/bien\/non%20class\u00e9\/ensemble-immobilier-de-2-maisons\/"},"modified":"2026-02-23T13:37:19","modified_gmt":"2026-02-23T12:37:19","slug":"ensemble-immobilier-de-2-maisons","status":"publish","type":"product","link":"https:\/\/bocagimmo.com\/en\/bien\/vente-vendee-deux-sevres\/ensemble-immobilier-de-2-maisons\/","title":{"rendered":"ENSEMBLE IMMOBILIER de 2 maisons"},"content":{"rendered":"<p>Votre agence immobili\u00e8re AIP POUZAUGES vous propose :<br \/>\nCet ensemble de 2 maisons situ\u00e9es \u00e0 proximit\u00e9 des \u00e9coles et commerces.<br \/>\nLa 1\u00e8re maison (117m\u00b2) se compose d&#8217;une cuisine am\u00e9nag\u00e9e, un s\u00e9jour, une buanderie avec douche et WC, une salle d&#8217;eau, WC s\u00e9par\u00e9, une chaufferie. A l&#8217;\u00e9tage : 3 chambres dont 2 avec rangements. Un garage, des d\u00e9pendances. Terrain.<br \/>\nChauffage au fioul, fen\u00eatre double vitrage PVC. <\/p>\n<p>La seconde maison (36m\u00b2) comprend : une entr\u00e9e, un s\u00e9jour \/ salon avec espace cuisine, un bureau, une salle d&#8217;eau, WC. Un garage. Une agr\u00e9able terrasse et terrain. Chauffage \u00e9lectrique, fen\u00eatre double vitrage PVC.<br \/>\nAssainissement conforme.<br \/>\nId\u00e9al pour un investissement locatif !<br \/>\nLes informations sur les risques auxquels ce bien est expos\u00e9 sont disponibles sur le site G\u00e9orisques : www.georisques.gouv.fr \u00bb<\/p>\n","protected":false},"excerpt":{"rendered":"<p>Votre agence immobili\u00e8re AIP POUZAUGES vous propose :<br \/>\nCet ensemble de 2 maisons situ\u00e9es \u00e0 proximit\u00e9 des \u00e9coles et commerces.<br \/>\nLa 1\u00e8re maison (117m\u00b2) se compose d&#8217;une cuisine am\u00e9nag\u00e9e, un s\u00e9jour, une buanderie avec douche et WC, une salle d&#8217;eau, WC s\u00e9par\u00e9, une chaufferie. A l&#8217;\u00e9tage : 3 chambres dont 2 avec rangements. Un garage, des d\u00e9pendances. Terrain.<br \/>\nChauffage au fioul, fen\u00eatre double vitrage PVC. <\/p>\n<p>La seconde maison (36m\u00b2) comprend : une entr\u00e9e, un s\u00e9jour \/ salon avec espace cuisine, un bureau, une salle d&#8217;eau, WC. Un garage. Une agr\u00e9able terrasse et terrain. Chauffage \u00e9lectrique, fen\u00eatre double vitrage PVC.<br \/>\nAssainissement conforme.<br \/>\nId\u00e9al pour un investissement locatif !<br \/>\nLes informations sur les risques auxquels ce bien est expos\u00e9 sont disponibles sur le site G\u00e9orisques : www.georisques.gouv.fr \u00bb<\/p>\n","protected":false},"featured_media":5876414,"template":"","meta":{"_acf_changed":false},"product_cat":[17],"product_tag":[29],"secteur":[84],"transaction":[],"ville":[187],"class_list":{"0":"post-5598897","1":"product","2":"type-product","3":"status-publish","4":"has-post-thumbnail","6":"product_cat-vente-vendee-deux-sevres","7":"product_tag-maison","8":"secteur-pouzauges","9":"ville-pouzauges","11":"first","12":"instock","13":"purchasable","14":"product-type-simple"},"acf":[],"_links":{"self":[{"href":"https:\/\/bocagimmo.com\/en\/wp-json\/wp\/v2\/product\/5598897","targetHints":{"allow":["GET"]}}],"collection":[{"href":"https:\/\/bocagimmo.com\/en\/wp-json\/wp\/v2\/product"}],"about":[{"href":"https:\/\/bocagimmo.com\/en\/wp-json\/wp\/v2\/types\/product"}],"wp:featuredmedia":[{"embeddable":true,"href":"https:\/\/bocagimmo.com\/en\/wp-json\/wp\/v2\/media\/5876414"}],"wp:attachment":[{"href":"https:\/\/bocagimmo.com\/en\/wp-json\/wp\/v2\/media?parent=5598897"}],"wp:term":[{"taxonomy":"product_cat","embeddable":true,"href":"https:\/\/bocagimmo.com\/en\/wp-json\/wp\/v2\/product_cat?post=5598897"},{"taxonomy":"product_tag","embeddable":true,"href":"https:\/\/bocagimmo.com\/en\/wp-json\/wp\/v2\/product_tag?post=5598897"},{"taxonomy":"secteur","embeddable":true,"href":"https:\/\/bocagimmo.com\/en\/wp-json\/wp\/v2\/secteur?post=5598897"},{"taxonomy":"transaction","embeddable":true,"href":"https:\/\/bocagimmo.com\/en\/wp-json\/wp\/v2\/transaction?post=5598897"},{"taxonomy":"ville","embeddable":true,"href":"https:\/\/bocagimmo.com\/en\/wp-json\/wp\/v2\/ville?post=5598897"}],"curies":[{"name":"wp","href":"https:\/\/api.w.org\/{rel}","templated":true}]}}