{"id":5607789,"date":"2025-11-21T09:20:00","date_gmt":"2025-11-21T08:20:00","guid":{"rendered":"https:\/\/bocagimmo.com\/bien\/non%20class\u00e9\/5607789\/"},"modified":"2026-02-23T13:09:07","modified_gmt":"2026-02-23T12:09:07","slug":"5607789","status":"publish","type":"product","link":"https:\/\/bocagimmo.com\/en\/bien\/vente-vendee-deux-sevres\/5607789\/","title":{"rendered":""},"content":{"rendered":"<p>Votre agence immobili\u00e8re AIP La Ch\u00e2taigneraie vous propose  :<br \/>\nCe pavillon &#8211; 4 chambres &#8211; sur une parcelle d&#8217;environ 1700 m\u00b2.<br \/>\nAvec 170m\u00b2 habitables, l&#8217;habitation se compose au 1er \u00e9tage : d&#8217;une entr\u00e9e, d&#8217;une cuisine \u00e9quip\u00e9e de 12,30 m\u00b2, d&#8217;une arri\u00e8re-cuisine\/buanderie de 5,30m\u00b2, d&#8217;un salon (po\u00eale \u00e0 granul\u00e9s) \/s\u00e9jour de 31,50m\u00b2 avec acc\u00e8s \u00e0 un balcon c\u00f4t\u00e9 sud-ouest, de 2  chambres de 13,00m\u00b2 et 10,80m\u00b2, WC, d&#8217;une salle de bains + douche de 7m\u00b2 et d&#8217;un bureau ou dressing de 7m\u00b2.<br \/>\nAu RDC : un garage de 34m\u00b2 avec portail \u00e9lectrique, un bureau de 32m\u00b2, 2 chambres de 17m\u00b2 et 14,50m\u00b2 en enfilade dont une avec douche, lavabo et WC.<br \/>\nEtage : grenier.<br \/>\nToiture tuile en bon \u00e9tat. Ouverture PVC double vitrage. Volets roulants \u00e9lectriques centralis\u00e9s.  Chauffage po\u00eale \u00e0 granul\u00e9s et fioul. Tout \u00e0 l&#8217;\u00e9gout. Abri de jardin et petits toits. Le tout sur une parcelle paysag\u00e9e et close.<\/p>\n<p>Les informations sur les risques auxquels ce bien est expos\u00e9 sont disponibles sur le site G\u00e9orisques : www.georisques.gouv.fr<\/p>\n","protected":false},"excerpt":{"rendered":"<p>Votre agence immobili\u00e8re AIP La Ch\u00e2taigneraie vous propose  :<br \/>\nCe pavillon &#8211; 4 chambres &#8211; sur une parcelle d&#8217;environ 1700 m\u00b2.<br \/>\nAvec 170m\u00b2 habitables, l&#8217;habitation se compose au 1er \u00e9tage : d&#8217;une entr\u00e9e, d&#8217;une cuisine \u00e9quip\u00e9e de 12,30 m\u00b2, d&#8217;une arri\u00e8re-cuisine\/buanderie de 5,30m\u00b2, d&#8217;un salon (po\u00eale \u00e0 granul\u00e9s) \/s\u00e9jour de 31,50m\u00b2 avec acc\u00e8s \u00e0 un balcon c\u00f4t\u00e9 sud-ouest, de 2  chambres de 13,00m\u00b2 et 10,80m\u00b2, WC, d&#8217;une salle de bains + douche de 7m\u00b2 et d&#8217;un bureau ou dressing de 7m\u00b2.<br \/>\nAu RDC : un garage de 34m\u00b2 avec portail \u00e9lectrique, un bureau de 32m\u00b2, 2 chambres de 17m\u00b2 et 14,50m\u00b2 en enfilade dont une avec douche, lavabo et WC.<br \/>\nEtage : grenier.<br \/>\nToiture tuile en bon \u00e9tat. Ouverture PVC double vitrage. Volets roulants \u00e9lectriques centralis\u00e9s.  Chauffage po\u00eale \u00e0 granul\u00e9s et fioul. Tout \u00e0 l&#8217;\u00e9gout. Abri de jardin et petits toits. Le tout sur une parcelle paysag\u00e9e et close.<\/p>\n<p>Les informations sur les risques auxquels ce bien est expos\u00e9 sont disponibles sur le site G\u00e9orisques : www.georisques.gouv.fr<\/p>\n","protected":false},"featured_media":5876306,"template":"","meta":{"_acf_changed":false},"product_cat":[17],"product_tag":[29],"secteur":[86],"transaction":[],"ville":[157],"class_list":{"0":"post-5607789","1":"product","2":"type-product","3":"status-publish","4":"has-post-thumbnail","6":"product_cat-vente-vendee-deux-sevres","7":"product_tag-maison","8":"secteur-la-chataigneraie","9":"ville-la-chataigneraie","11":"first","12":"instock","13":"purchasable","14":"product-type-simple"},"acf":[],"_links":{"self":[{"href":"https:\/\/bocagimmo.com\/en\/wp-json\/wp\/v2\/product\/5607789","targetHints":{"allow":["GET"]}}],"collection":[{"href":"https:\/\/bocagimmo.com\/en\/wp-json\/wp\/v2\/product"}],"about":[{"href":"https:\/\/bocagimmo.com\/en\/wp-json\/wp\/v2\/types\/product"}],"wp:featuredmedia":[{"embeddable":true,"href":"https:\/\/bocagimmo.com\/en\/wp-json\/wp\/v2\/media\/5876306"}],"wp:attachment":[{"href":"https:\/\/bocagimmo.com\/en\/wp-json\/wp\/v2\/media?parent=5607789"}],"wp:term":[{"taxonomy":"product_cat","embeddable":true,"href":"https:\/\/bocagimmo.com\/en\/wp-json\/wp\/v2\/product_cat?post=5607789"},{"taxonomy":"product_tag","embeddable":true,"href":"https:\/\/bocagimmo.com\/en\/wp-json\/wp\/v2\/product_tag?post=5607789"},{"taxonomy":"secteur","embeddable":true,"href":"https:\/\/bocagimmo.com\/en\/wp-json\/wp\/v2\/secteur?post=5607789"},{"taxonomy":"transaction","embeddable":true,"href":"https:\/\/bocagimmo.com\/en\/wp-json\/wp\/v2\/transaction?post=5607789"},{"taxonomy":"ville","embeddable":true,"href":"https:\/\/bocagimmo.com\/en\/wp-json\/wp\/v2\/ville?post=5607789"}],"curies":[{"name":"wp","href":"https:\/\/api.w.org\/{rel}","templated":true}]}}