{"id":5643980,"date":"2025-11-08T09:09:00","date_gmt":"2025-11-08T08:09:00","guid":{"rendered":"https:\/\/bocagimmo.com\/bien\/non%20class\u00e9\/5643980\/"},"modified":"2026-02-23T13:09:17","modified_gmt":"2026-02-23T12:09:17","slug":"5643980","status":"publish","type":"product","link":"https:\/\/bocagimmo.com\/en\/bien\/vente-vendee-deux-sevres\/5643980\/","title":{"rendered":""},"content":{"rendered":"<p>EXCLUSIVITE ! 4 CHAMBRES.<br \/>\n Votre agence immobili\u00e8re AIP La Ch\u00e2taigneraie vous propose \u00e0 La Tardi\u00e8re :<br \/>\nCe pavillon sur une parcelle d&#8217;environ 1500 m\u00b2.<br \/>\nAvec 140m\u00b2 habitable, l&#8217;habitation se compose au RDC : d&#8217;une entr\u00e9e, d&#8217;une cuisine am\u00e9nag\u00e9e de 12,30 m\u00b2 avec acc\u00e8s \u00e0 une terrasse, d&#8217;un salon\/s\u00e9jour\/v\u00e9randa (po\u00eale \u00e0 bois) de 44,80m\u00b2 avec acc\u00e8s \u00e0 la terrasse, de 2 chambres de 13,40m\u00b2 et 14m\u00b2, WC et d&#8217;une salle de bains de 10,40m\u00b2.<br \/>\nAu sous-sol : 2 chambres avec placard de 11,10m\u00b2 et 12m\u00b2, une cave et un grand garage de 52m\u00b2 avec portail \u00e9lectrique.<br \/>\nAutre garage. Pr\u00e9au.<br \/>\nToiture tuile en bon \u00e9tat. Ouverture PVC double vitrage. Volets roulants \u00e9lectriques et battants bois. Moustiquaires.  Chauffage \u00e9lectrique et po\u00eale \u00e0 bois. Fosse septique non conforme. Le tout sur une parcelle paysag\u00e9e et close avec portail \u00e9lectrique.<\/p>\n<p>Les informations sur les risques auxquels ce bien est expos\u00e9 sont disponibles sur le site G\u00e9orisques : www.georisques.gouv.fr<\/p>\n","protected":false},"excerpt":{"rendered":"<p>EXCLUSIVITE ! 4 CHAMBRES.<br \/>\n Votre agence immobili\u00e8re AIP La Ch\u00e2taigneraie vous propose \u00e0 La Tardi\u00e8re :<br \/>\nCe pavillon sur une parcelle d&#8217;environ 1500 m\u00b2.<br \/>\nAvec 140m\u00b2 habitable, l&#8217;habitation se compose au RDC : d&#8217;une entr\u00e9e, d&#8217;une cuisine am\u00e9nag\u00e9e de 12,30 m\u00b2 avec acc\u00e8s \u00e0 une terrasse, d&#8217;un salon\/s\u00e9jour\/v\u00e9randa (po\u00eale \u00e0 bois) de 44,80m\u00b2 avec acc\u00e8s \u00e0 la terrasse, de 2 chambres de 13,40m\u00b2 et 14m\u00b2, WC et d&#8217;une salle de bains de 10,40m\u00b2.<br \/>\nAu sous-sol : 2 chambres avec placard de 11,10m\u00b2 et 12m\u00b2, une cave et un grand garage de 52m\u00b2 avec portail \u00e9lectrique.<br \/>\nAutre garage. Pr\u00e9au.<br \/>\nToiture tuile en bon \u00e9tat. Ouverture PVC double vitrage. Volets roulants \u00e9lectriques et battants bois. Moustiquaires.  Chauffage \u00e9lectrique et po\u00eale \u00e0 bois. Fosse septique non conforme. Le tout sur une parcelle paysag\u00e9e et close avec portail \u00e9lectrique.<\/p>\n<p>Les informations sur les risques auxquels ce bien est expos\u00e9 sont disponibles sur le site G\u00e9orisques : www.georisques.gouv.fr<\/p>\n","protected":false},"featured_media":5876319,"template":"","meta":{"_acf_changed":false},"product_cat":[17],"product_tag":[29],"secteur":[86],"transaction":[],"ville":[497],"class_list":{"0":"post-5643980","1":"product","2":"type-product","3":"status-publish","4":"has-post-thumbnail","6":"product_cat-vente-vendee-deux-sevres","7":"product_tag-maison","8":"secteur-la-chataigneraie","9":"ville-la-tardiere","11":"first","12":"instock","13":"purchasable","14":"product-type-simple"},"acf":[],"_links":{"self":[{"href":"https:\/\/bocagimmo.com\/en\/wp-json\/wp\/v2\/product\/5643980","targetHints":{"allow":["GET"]}}],"collection":[{"href":"https:\/\/bocagimmo.com\/en\/wp-json\/wp\/v2\/product"}],"about":[{"href":"https:\/\/bocagimmo.com\/en\/wp-json\/wp\/v2\/types\/product"}],"wp:featuredmedia":[{"embeddable":true,"href":"https:\/\/bocagimmo.com\/en\/wp-json\/wp\/v2\/media\/5876319"}],"wp:attachment":[{"href":"https:\/\/bocagimmo.com\/en\/wp-json\/wp\/v2\/media?parent=5643980"}],"wp:term":[{"taxonomy":"product_cat","embeddable":true,"href":"https:\/\/bocagimmo.com\/en\/wp-json\/wp\/v2\/product_cat?post=5643980"},{"taxonomy":"product_tag","embeddable":true,"href":"https:\/\/bocagimmo.com\/en\/wp-json\/wp\/v2\/product_tag?post=5643980"},{"taxonomy":"secteur","embeddable":true,"href":"https:\/\/bocagimmo.com\/en\/wp-json\/wp\/v2\/secteur?post=5643980"},{"taxonomy":"transaction","embeddable":true,"href":"https:\/\/bocagimmo.com\/en\/wp-json\/wp\/v2\/transaction?post=5643980"},{"taxonomy":"ville","embeddable":true,"href":"https:\/\/bocagimmo.com\/en\/wp-json\/wp\/v2\/ville?post=5643980"}],"curies":[{"name":"wp","href":"https:\/\/api.w.org\/{rel}","templated":true}]}}