{"id":5658961,"date":"2026-01-08T04:01:00","date_gmt":"2026-01-08T03:01:00","guid":{"rendered":"https:\/\/bocagimmo.com\/bien\/non%20class\u00e9\/5658961\/"},"modified":"2026-02-23T13:09:28","modified_gmt":"2026-02-23T12:09:28","slug":"5658961","status":"publish","type":"product","link":"https:\/\/bocagimmo.com\/en\/bien\/vente-vendee-deux-sevres\/5658961\/","title":{"rendered":""},"content":{"rendered":"<p>3 CHAMBRES.<br \/>\n Votre agence immobili\u00e8re AIP La Ch\u00e2taigneraie vous propose \u00e0 Saint Maurice Le Girard :<br \/>\nCette jolie maison de campagne, situ\u00e9e dans un lieu calme sur une parcelle d&#8217;environ 1200 m\u00b2.<br \/>\nAvec 100m\u00b2 habitables, l&#8217;habitation se compose au RDC : d&#8217;un salon\/s\u00e9jour de 24,50m\u00b2, d&#8217;une cuisine de 21,24m\u00b2, WC, d&#8217;une salle de bains et de 2 chambres de 14,74m\u00b2 et 9,96m\u00b2.<br \/>\nA l&#8217;\u00e9tage : une grande chambre de 21,54m\u00b2 avec dressing.<br \/>\nGarage de 45m\u00b2. Pr\u00e9au de 25,50m\u00b2.<br \/>\nToiture tuile. Ouverture PVC double vitrage en partie. Volets battants . Pas de syst\u00e8me de chauffage. Fosse septique non conforme.<\/p>\n<p>Les informations sur les risques auxquels ce bien est expos\u00e9 sont disponibles sur le site G\u00e9orisques : www.georisques.gouv.fr<\/p>\n","protected":false},"excerpt":{"rendered":"<p>3 CHAMBRES.<br \/>\n Votre agence immobili\u00e8re AIP La Ch\u00e2taigneraie vous propose \u00e0 Saint Maurice Le Girard :<br \/>\nCette jolie maison de campagne, situ\u00e9e dans un lieu calme sur une parcelle d&#8217;environ 1200 m\u00b2.<br \/>\nAvec 100m\u00b2 habitables, l&#8217;habitation se compose au RDC : d&#8217;un salon\/s\u00e9jour de 24,50m\u00b2, d&#8217;une cuisine de 21,24m\u00b2, WC, d&#8217;une salle de bains et de 2 chambres de 14,74m\u00b2 et 9,96m\u00b2.<br \/>\nA l&#8217;\u00e9tage : une grande chambre de 21,54m\u00b2 avec dressing.<br \/>\nGarage de 45m\u00b2. Pr\u00e9au de 25,50m\u00b2.<br \/>\nToiture tuile. Ouverture PVC double vitrage en partie. Volets battants . Pas de syst\u00e8me de chauffage. Fosse septique non conforme.<\/p>\n<p>Les informations sur les risques auxquels ce bien est expos\u00e9 sont disponibles sur le site G\u00e9orisques : www.georisques.gouv.fr<\/p>\n","protected":false},"featured_media":5876335,"template":"","meta":{"_acf_changed":false},"product_cat":[17],"product_tag":[29],"secteur":[86],"transaction":[],"ville":[549],"class_list":{"0":"post-5658961","1":"product","2":"type-product","3":"status-publish","4":"has-post-thumbnail","6":"product_cat-vente-vendee-deux-sevres","7":"product_tag-maison","8":"secteur-la-chataigneraie","9":"ville-saint-maurice-le-girard","11":"first","12":"instock","13":"purchasable","14":"product-type-simple"},"acf":[],"_links":{"self":[{"href":"https:\/\/bocagimmo.com\/en\/wp-json\/wp\/v2\/product\/5658961","targetHints":{"allow":["GET"]}}],"collection":[{"href":"https:\/\/bocagimmo.com\/en\/wp-json\/wp\/v2\/product"}],"about":[{"href":"https:\/\/bocagimmo.com\/en\/wp-json\/wp\/v2\/types\/product"}],"wp:featuredmedia":[{"embeddable":true,"href":"https:\/\/bocagimmo.com\/en\/wp-json\/wp\/v2\/media\/5876335"}],"wp:attachment":[{"href":"https:\/\/bocagimmo.com\/en\/wp-json\/wp\/v2\/media?parent=5658961"}],"wp:term":[{"taxonomy":"product_cat","embeddable":true,"href":"https:\/\/bocagimmo.com\/en\/wp-json\/wp\/v2\/product_cat?post=5658961"},{"taxonomy":"product_tag","embeddable":true,"href":"https:\/\/bocagimmo.com\/en\/wp-json\/wp\/v2\/product_tag?post=5658961"},{"taxonomy":"secteur","embeddable":true,"href":"https:\/\/bocagimmo.com\/en\/wp-json\/wp\/v2\/secteur?post=5658961"},{"taxonomy":"transaction","embeddable":true,"href":"https:\/\/bocagimmo.com\/en\/wp-json\/wp\/v2\/transaction?post=5658961"},{"taxonomy":"ville","embeddable":true,"href":"https:\/\/bocagimmo.com\/en\/wp-json\/wp\/v2\/ville?post=5658961"}],"curies":[{"name":"wp","href":"https:\/\/api.w.org\/{rel}","templated":true}]}}