{"id":5688992,"date":"2026-02-12T09:28:00","date_gmt":"2026-02-12T08:28:00","guid":{"rendered":"https:\/\/bocagimmo.com\/bien\/non%20class\u00e9\/pouzauges-9\/"},"modified":"2026-02-23T13:39:43","modified_gmt":"2026-02-23T12:39:43","slug":"pouzauges-4","status":"publish","type":"product","link":"https:\/\/bocagimmo.com\/en\/bien\/vente-vendee-deux-sevres\/pouzauges-4\/","title":{"rendered":"POUZAUGES"},"content":{"rendered":"<p>*** D\u00e9sormais sous compromis ***<br \/>\nVotre AGENCE AIP POUZAUGES vous propose ce b\u00e2timent r\u00e9cent, de plain pied,  situ\u00e9 en zone artisanale, comprenant un hall d&#8217;entr\u00e9e, un bureau de direction, une cuisine \u00e9quip\u00e9e, une salle de repos, une grande salle de r\u00e9union ou d&#8217;activit\u00e9, 3 bureaux,  des WC PMR, un local technique. Avec un  parking sur la partie avant, ce b\u00e2timent facile d&#8217;acc\u00e8s est pos\u00e9 sur un terrain de terrain de 1056m\u00b2 offrant des possibilit\u00e9s d&#8217;agrandissement. Convenant \u00e0 de nombreuses activit\u00e9s, les prix exprim\u00e9s sont  en TTC  et la TVA sera r\u00e9cup\u00e9rable en fonction de votre  activit\u00e9.<\/p>\n<p>Les informations sur les risques auxquels ce bien est expos\u00e9 sont disponibles sur le site G\u00e9orisques : www.georisques.gouv.fr<\/p>\n","protected":false},"excerpt":{"rendered":"<p>*** D\u00e9sormais sous compromis ***<br \/>\nVotre AGENCE AIP POUZAUGES vous propose ce b\u00e2timent r\u00e9cent, de plain pied,  situ\u00e9 en zone artisanale, comprenant un hall d&#8217;entr\u00e9e, un bureau de direction, une cuisine \u00e9quip\u00e9e, une salle de repos, une grande salle de r\u00e9union ou d&#8217;activit\u00e9, 3 bureaux,  des WC PMR, un local technique. Avec un  parking sur la partie avant, ce b\u00e2timent facile d&#8217;acc\u00e8s est pos\u00e9 sur un terrain de terrain de 1056m\u00b2 offrant des possibilit\u00e9s d&#8217;agrandissement. Convenant \u00e0 de nombreuses activit\u00e9s, les prix exprim\u00e9s sont  en TTC  et la TVA sera r\u00e9cup\u00e9rable en fonction de votre  activit\u00e9.<\/p>\n<p>Les informations sur les risques auxquels ce bien est expos\u00e9 sont disponibles sur le site G\u00e9orisques : www.georisques.gouv.fr<\/p>\n","protected":false},"featured_media":5876626,"template":"","meta":{"_acf_changed":false},"product_cat":[17],"product_tag":[36],"secteur":[84],"transaction":[],"ville":[187],"class_list":{"0":"post-5688992","1":"product","2":"type-product","3":"status-publish","4":"has-post-thumbnail","6":"product_cat-vente-vendee-deux-sevres","7":"product_tag-professionnel","8":"secteur-pouzauges","9":"ville-pouzauges","11":"first","12":"instock","13":"purchasable","14":"product-type-simple"},"acf":[],"_links":{"self":[{"href":"https:\/\/bocagimmo.com\/en\/wp-json\/wp\/v2\/product\/5688992","targetHints":{"allow":["GET"]}}],"collection":[{"href":"https:\/\/bocagimmo.com\/en\/wp-json\/wp\/v2\/product"}],"about":[{"href":"https:\/\/bocagimmo.com\/en\/wp-json\/wp\/v2\/types\/product"}],"wp:featuredmedia":[{"embeddable":true,"href":"https:\/\/bocagimmo.com\/en\/wp-json\/wp\/v2\/media\/5876626"}],"wp:attachment":[{"href":"https:\/\/bocagimmo.com\/en\/wp-json\/wp\/v2\/media?parent=5688992"}],"wp:term":[{"taxonomy":"product_cat","embeddable":true,"href":"https:\/\/bocagimmo.com\/en\/wp-json\/wp\/v2\/product_cat?post=5688992"},{"taxonomy":"product_tag","embeddable":true,"href":"https:\/\/bocagimmo.com\/en\/wp-json\/wp\/v2\/product_tag?post=5688992"},{"taxonomy":"secteur","embeddable":true,"href":"https:\/\/bocagimmo.com\/en\/wp-json\/wp\/v2\/secteur?post=5688992"},{"taxonomy":"transaction","embeddable":true,"href":"https:\/\/bocagimmo.com\/en\/wp-json\/wp\/v2\/transaction?post=5688992"},{"taxonomy":"ville","embeddable":true,"href":"https:\/\/bocagimmo.com\/en\/wp-json\/wp\/v2\/ville?post=5688992"}],"curies":[{"name":"wp","href":"https:\/\/api.w.org\/{rel}","templated":true}]}}