{"id":5689296,"date":"2025-12-10T05:21:00","date_gmt":"2025-12-10T04:21:00","guid":{"rendered":"https:\/\/bocagimmo.com\/bien\/non%20class\u00e9\/a-5min-de-moncoutant-au-calme-de-la-campagne\/"},"modified":"2026-02-23T12:40:48","modified_gmt":"2026-02-23T11:40:48","slug":"a-5-mn-de-moncoutant-au-calme-de-la-campagne","status":"publish","type":"product","link":"https:\/\/bocagimmo.com\/en\/bien\/vente-vendee-deux-sevres\/a-5-mn-de-moncoutant-au-calme-de-la-campagne\/","title":{"rendered":"A 5 MN DE MONCOUTANT &#8211; AU CALME DE LA CAMPAGNE"},"content":{"rendered":"<p>Votre agence immobili\u00e8re AIP CERIZAY vous propose :<br \/>\nCette grande long\u00e8re de pierre de plus de 345m\u00b2 habitable offrant un \u00e9norme potentiel soit pour une grande maison familiale ou pour investisseurs ! Le bien est actuellement divis\u00e9 en 3 logements compos\u00e9s de la fa\u00e7on suivante :<br \/>\n&#8211; Logement 1 offrant 133m\u00b2 habitable avec : une cuisine (16m\u00b2), un salon\/s\u00e9jour (25m\u00b2), une chambre (10.8m\u00b2), une salle de bains (5m\u00b2), WC, un cellier et un bureau. A l&#8217;\u00e9tage : 3 chambre et un cabinet de toilette.<br \/>\n&#8211; Logement 2 offrant sur 80m\u00b2 : une cuisine (13m\u00b2), un s\u00e9jour (17m\u00b2), une salle d&#8217;eau, WC, une arri\u00e8re-cuisine et 2 chambres (10 et 12.4m\u00b2).<br \/>\n&#8211; Logement 3 (divisible en 2 logements) offrant sur 140m\u00b2 :u n salon (14m\u00b2), 2 cuisines, 4 chambres, 2 salles de bains, 2 WC, une arri\u00e8re-cuisine et un cellier.<br \/>\nDe +, un plateau de grenier am\u00e9nageable vient compl\u00e9ter le tout. Une cave en sous\/sol.<br \/>\nA l&#8217;ext\u00e9rieur, on retrouve une belle parcelle de 9650m\u00b2 avec un garage double et une grande d\u00e9pendance en pierre de + de 150m\u00b2.<br \/>\nChauffage fuel, double vitrage PVC, fosse septique non conforme.<\/p>\n<p>Les informations sur les risques auxquels ce bien est expos\u00e9 sont disponibles sur le site G\u00e9orisques : www.georisques.gouv.fr<\/p>\n","protected":false},"excerpt":{"rendered":"<p>Votre agence immobili\u00e8re AIP CERIZAY vous propose :<br \/>\nCette grande long\u00e8re de pierre de plus de 345m\u00b2 habitable offrant un \u00e9norme potentiel soit pour une grande maison familiale ou pour investisseurs ! Le bien est actuellement divis\u00e9 en 3 logements compos\u00e9s de la fa\u00e7on suivante :<br \/>\n&#8211; Logement 1 offrant 133m\u00b2 habitable avec : une cuisine (16m\u00b2), un salon\/s\u00e9jour (25m\u00b2), une chambre (10.8m\u00b2), une salle de bains (5m\u00b2), WC, un cellier et un bureau. A l&#8217;\u00e9tage : 3 chambre et un cabinet de toilette.<br \/>\n&#8211; Logement 2 offrant sur 80m\u00b2 : une cuisine (13m\u00b2), un s\u00e9jour (17m\u00b2), une salle d&#8217;eau, WC, une arri\u00e8re-cuisine et 2 chambres (10 et 12.4m\u00b2).<br \/>\n&#8211; Logement 3 (divisible en 2 logements) offrant sur 140m\u00b2 :u n salon (14m\u00b2), 2 cuisines, 4 chambres, 2 salles de bains, 2 WC, une arri\u00e8re-cuisine et un cellier.<br \/>\nDe +, un plateau de grenier am\u00e9nageable vient compl\u00e9ter le tout. Une cave en sous\/sol.<br \/>\nA l&#8217;ext\u00e9rieur, on retrouve une belle parcelle de 9650m\u00b2 avec un garage double et une grande d\u00e9pendance en pierre de + de 150m\u00b2.<br \/>\nChauffage fuel, double vitrage PVC, fosse septique non conforme.<\/p>\n<p>Les informations sur les risques auxquels ce bien est expos\u00e9 sont disponibles sur le site G\u00e9orisques : www.georisques.gouv.fr<\/p>\n","protected":false},"featured_media":5876052,"template":"","meta":{"_acf_changed":false},"product_cat":[17],"product_tag":[29],"secteur":[85],"transaction":[],"ville":[137],"class_list":{"0":"post-5689296","1":"product","2":"type-product","3":"status-publish","4":"has-post-thumbnail","6":"product_cat-vente-vendee-deux-sevres","7":"product_tag-maison","8":"secteur-cerizay","9":"ville-moncoutant","11":"first","12":"instock","13":"purchasable","14":"product-type-simple"},"acf":[],"_links":{"self":[{"href":"https:\/\/bocagimmo.com\/en\/wp-json\/wp\/v2\/product\/5689296","targetHints":{"allow":["GET"]}}],"collection":[{"href":"https:\/\/bocagimmo.com\/en\/wp-json\/wp\/v2\/product"}],"about":[{"href":"https:\/\/bocagimmo.com\/en\/wp-json\/wp\/v2\/types\/product"}],"wp:featuredmedia":[{"embeddable":true,"href":"https:\/\/bocagimmo.com\/en\/wp-json\/wp\/v2\/media\/5876052"}],"wp:attachment":[{"href":"https:\/\/bocagimmo.com\/en\/wp-json\/wp\/v2\/media?parent=5689296"}],"wp:term":[{"taxonomy":"product_cat","embeddable":true,"href":"https:\/\/bocagimmo.com\/en\/wp-json\/wp\/v2\/product_cat?post=5689296"},{"taxonomy":"product_tag","embeddable":true,"href":"https:\/\/bocagimmo.com\/en\/wp-json\/wp\/v2\/product_tag?post=5689296"},{"taxonomy":"secteur","embeddable":true,"href":"https:\/\/bocagimmo.com\/en\/wp-json\/wp\/v2\/secteur?post=5689296"},{"taxonomy":"transaction","embeddable":true,"href":"https:\/\/bocagimmo.com\/en\/wp-json\/wp\/v2\/transaction?post=5689296"},{"taxonomy":"ville","embeddable":true,"href":"https:\/\/bocagimmo.com\/en\/wp-json\/wp\/v2\/ville?post=5689296"}],"curies":[{"name":"wp","href":"https:\/\/api.w.org\/{rel}","templated":true}]}}