{"id":5701612,"date":"2025-12-19T09:15:00","date_gmt":"2025-12-19T08:15:00","guid":{"rendered":"https:\/\/bocagimmo.com\/bien\/non%20class\u00e9\/5701612\/"},"modified":"2026-02-23T13:39:49","modified_gmt":"2026-02-23T12:39:49","slug":"5701612","status":"publish","type":"product","link":"https:\/\/bocagimmo.com\/en\/bien\/vente-vendee-deux-sevres\/5701612\/","title":{"rendered":""},"content":{"rendered":"<p>*** D\u00e9sormais sous compromis ***<br \/>\nVotre agence immobili\u00e8re AIP Pouzauges vous propose cette jolie maison en pierre situ\u00e9e au calme \u00e0 proximit\u00e9 de Pouzauges.<br \/>\nSur 113 m\u00b2 habitables, elle comprend : une belle cuisine am\u00e9nag\u00e9e, un grand s\u00e9jour (poutres, chemin\u00e9e\/po\u00eale). A l&#8217;\u00e9tage : un palier dessert 2 chambres spacieuses (dont une avec WC) et une salle d&#8217;eau\/WC. En annexes : garage, buanderie. Agr\u00e9able terrasse et jardin clos.<br \/>\nOuvertures pvc double vitrage, chauffage bois.  <\/p>\n<p>Les informations sur les risques auxquels ce bien est expos\u00e9 sont disponibles sur le sites g\u00e9orisques : www.georisques.gouv.<\/p>\n","protected":false},"excerpt":{"rendered":"<p>*** D\u00e9sormais sous compromis ***<br \/>\nVotre agence immobili\u00e8re AIP Pouzauges vous propose cette jolie maison en pierre situ\u00e9e au calme \u00e0 proximit\u00e9 de Pouzauges.<br \/>\nSur 113 m\u00b2 habitables, elle comprend : une belle cuisine am\u00e9nag\u00e9e, un grand s\u00e9jour (poutres, chemin\u00e9e\/po\u00eale). A l&#8217;\u00e9tage : un palier dessert 2 chambres spacieuses (dont une avec WC) et une salle d&#8217;eau\/WC. En annexes : garage, buanderie. Agr\u00e9able terrasse et jardin clos.<br \/>\nOuvertures pvc double vitrage, chauffage bois.  <\/p>\n<p>Les informations sur les risques auxquels ce bien est expos\u00e9 sont disponibles sur le sites g\u00e9orisques : www.georisques.gouv.<\/p>\n","protected":false},"featured_media":5876633,"template":"","meta":{"_acf_changed":false},"product_cat":[17],"product_tag":[29],"secteur":[84],"transaction":[],"ville":[187],"class_list":{"0":"post-5701612","1":"product","2":"type-product","3":"status-publish","4":"has-post-thumbnail","6":"product_cat-vente-vendee-deux-sevres","7":"product_tag-maison","8":"secteur-pouzauges","9":"ville-pouzauges","11":"first","12":"instock","13":"purchasable","14":"product-type-simple"},"acf":[],"_links":{"self":[{"href":"https:\/\/bocagimmo.com\/en\/wp-json\/wp\/v2\/product\/5701612","targetHints":{"allow":["GET"]}}],"collection":[{"href":"https:\/\/bocagimmo.com\/en\/wp-json\/wp\/v2\/product"}],"about":[{"href":"https:\/\/bocagimmo.com\/en\/wp-json\/wp\/v2\/types\/product"}],"wp:featuredmedia":[{"embeddable":true,"href":"https:\/\/bocagimmo.com\/en\/wp-json\/wp\/v2\/media\/5876633"}],"wp:attachment":[{"href":"https:\/\/bocagimmo.com\/en\/wp-json\/wp\/v2\/media?parent=5701612"}],"wp:term":[{"taxonomy":"product_cat","embeddable":true,"href":"https:\/\/bocagimmo.com\/en\/wp-json\/wp\/v2\/product_cat?post=5701612"},{"taxonomy":"product_tag","embeddable":true,"href":"https:\/\/bocagimmo.com\/en\/wp-json\/wp\/v2\/product_tag?post=5701612"},{"taxonomy":"secteur","embeddable":true,"href":"https:\/\/bocagimmo.com\/en\/wp-json\/wp\/v2\/secteur?post=5701612"},{"taxonomy":"transaction","embeddable":true,"href":"https:\/\/bocagimmo.com\/en\/wp-json\/wp\/v2\/transaction?post=5701612"},{"taxonomy":"ville","embeddable":true,"href":"https:\/\/bocagimmo.com\/en\/wp-json\/wp\/v2\/ville?post=5701612"}],"curies":[{"name":"wp","href":"https:\/\/api.w.org\/{rel}","templated":true}]}}