{"id":5718645,"date":"2025-12-22T02:30:00","date_gmt":"2025-12-22T01:30:00","guid":{"rendered":"https:\/\/bocagimmo.com\/bien\/non%20class\u00e9\/en-exclusivite-cerizay-centre-ville\/"},"modified":"2026-02-23T12:40:57","modified_gmt":"2026-02-23T11:40:57","slug":"en-exclusivite-cerizay-centre-ville","status":"publish","type":"product","link":"https:\/\/bocagimmo.com\/en\/bien\/vente-vendee-deux-sevres\/en-exclusivite-cerizay-centre-ville\/","title":{"rendered":"EN EXCLUSIVITE &#8211; CERIZAY CENTRE VILLE"},"content":{"rendered":"<p>Votre agence immobili\u00e8re AIP CERIZAY vous propose :<br \/>\nCette maison de ville r\u00e9nov\u00e9e offrant sur 78m\u00b2 habitables : une belle pi\u00e8ce de vie de 35m\u00b2 avec salon et cuisine am\u00e9nag\u00e9e et \u00e9quip\u00e9e, une lingerie,  WC et une belle terrasse bois, suspendue, de 19m\u00b2,  expos\u00e9e sud et offrant une superbe vue.<br \/>\nA l&#8217;\u00e9tage :  2 chambres (15m\u00b2 et 11.6m\u00b2), une salle d&#8217;eau.<br \/>\nAu sous\/sol : une chaufferie, un bureau (7m\u00b2), un garage (30m\u00b2 ) ainsi qu&#8217;une d\u00e9pendance sur une parcelle d&#8217;environ 200m\u00b2.<br \/>\nIsolation (faite en 2020), ouvertures PVC, \u00e9lectricit\u00e9 (2016), chauffage fuel et tout \u00e0 l&#8217;\u00e9gout.<br \/>\nId\u00e9al pour un premier achat ou investissement locatif !<br \/>\nLes informations sur les risques auxquels ce bien est expos\u00e9 sont disponibles sur le site G\u00e9orisques : www.georisques.gouv.fr<\/p>\n","protected":false},"excerpt":{"rendered":"<p>Votre agence immobili\u00e8re AIP CERIZAY vous propose :<br \/>\nCette maison de ville r\u00e9nov\u00e9e offrant sur 78m\u00b2 habitables : une belle pi\u00e8ce de vie de 35m\u00b2 avec salon et cuisine am\u00e9nag\u00e9e et \u00e9quip\u00e9e, une lingerie,  WC et une belle terrasse bois, suspendue, de 19m\u00b2,  expos\u00e9e sud et offrant une superbe vue.<br \/>\nA l&#8217;\u00e9tage :  2 chambres (15m\u00b2 et 11.6m\u00b2), une salle d&#8217;eau.<br \/>\nAu sous\/sol : une chaufferie, un bureau (7m\u00b2), un garage (30m\u00b2 ) ainsi qu&#8217;une d\u00e9pendance sur une parcelle d&#8217;environ 200m\u00b2.<br \/>\nIsolation (faite en 2020), ouvertures PVC, \u00e9lectricit\u00e9 (2016), chauffage fuel et tout \u00e0 l&#8217;\u00e9gout.<br \/>\nId\u00e9al pour un premier achat ou investissement locatif !<br \/>\nLes informations sur les risques auxquels ce bien est expos\u00e9 sont disponibles sur le site G\u00e9orisques : www.georisques.gouv.fr<\/p>\n","protected":false},"featured_media":5876066,"template":"","meta":{"_acf_changed":false},"product_cat":[17],"product_tag":[29],"secteur":[85],"transaction":[],"ville":[134],"class_list":{"0":"post-5718645","1":"product","2":"type-product","3":"status-publish","4":"has-post-thumbnail","6":"product_cat-vente-vendee-deux-sevres","7":"product_tag-maison","8":"secteur-cerizay","9":"ville-cerizay","11":"first","12":"instock","13":"purchasable","14":"product-type-simple"},"acf":[],"_links":{"self":[{"href":"https:\/\/bocagimmo.com\/en\/wp-json\/wp\/v2\/product\/5718645","targetHints":{"allow":["GET"]}}],"collection":[{"href":"https:\/\/bocagimmo.com\/en\/wp-json\/wp\/v2\/product"}],"about":[{"href":"https:\/\/bocagimmo.com\/en\/wp-json\/wp\/v2\/types\/product"}],"wp:featuredmedia":[{"embeddable":true,"href":"https:\/\/bocagimmo.com\/en\/wp-json\/wp\/v2\/media\/5876066"}],"wp:attachment":[{"href":"https:\/\/bocagimmo.com\/en\/wp-json\/wp\/v2\/media?parent=5718645"}],"wp:term":[{"taxonomy":"product_cat","embeddable":true,"href":"https:\/\/bocagimmo.com\/en\/wp-json\/wp\/v2\/product_cat?post=5718645"},{"taxonomy":"product_tag","embeddable":true,"href":"https:\/\/bocagimmo.com\/en\/wp-json\/wp\/v2\/product_tag?post=5718645"},{"taxonomy":"secteur","embeddable":true,"href":"https:\/\/bocagimmo.com\/en\/wp-json\/wp\/v2\/secteur?post=5718645"},{"taxonomy":"transaction","embeddable":true,"href":"https:\/\/bocagimmo.com\/en\/wp-json\/wp\/v2\/transaction?post=5718645"},{"taxonomy":"ville","embeddable":true,"href":"https:\/\/bocagimmo.com\/en\/wp-json\/wp\/v2\/ville?post=5718645"}],"curies":[{"name":"wp","href":"https:\/\/api.w.org\/{rel}","templated":true}]}}