{"id":5724095,"date":"2026-01-06T04:45:00","date_gmt":"2026-01-06T03:45:00","guid":{"rendered":"https:\/\/bocagimmo.com\/bien\/non%20class\u00e9\/5724095\/"},"modified":"2026-02-23T13:40:02","modified_gmt":"2026-02-23T12:40:02","slug":"5724095","status":"publish","type":"product","link":"https:\/\/bocagimmo.com\/en\/bien\/vente-vendee-deux-sevres\/5724095\/","title":{"rendered":""},"content":{"rendered":"<p>Votre agence immobili\u00e8re AIP POUZAUGES vous propose en EXCLUSIVITE :<br \/>\nCe charmant pavillon de plain-pied de 1987, de 120 m\u00b2 habitables, id\u00e9alement situ\u00e9 dans un quartier calme, \u00e0 proximit\u00e9 des diff\u00e9rents services.<br \/>\nIl comprend une entr\u00e9e, un salon, un s\u00e9jour lumineux ouvert sur une grande v\u00e9randa chauff\u00e9e\/climatis\u00e9e, une cuisine \u00e9quip\u00e9e et am\u00e9nag\u00e9e et un bureau.<br \/>\nLa partie nuit r\u00e9nov\u00e9e en 2010 est compos\u00e9e de  3 chambres, une salle d\u2019eau avec douche \u00e0 l&#8217;italienne, un WC.<br \/>\nEn annexe on retrouve une buanderie, un garage, une cave et un atelier.<br \/>\nPour votre confort, cette maison est \u00e9quip\u00e9e d\u2019un syst\u00e8me de chauffage au sol, d&#8217;une ventilation double flux et de panneaux photovolta\u00efques \u00e0 la revente.<br \/>\nUne belle piscine semi enterr\u00e9e avec une grande terrasse, expos\u00e9e plein sud, compl\u00e8te ce bel ensemble, le tout sur un terrain clos et arbor\u00e9 d&#8217;environ 700m\u00b2.<br \/>\nA d\u00e9couvrir sans tarder ! <\/p>\n<p>Les informations sur les risques auxquels ce bien est expos\u00e9 sont disponibles sur le site g\u00e9orisques : www.georisques.gouv.fr<\/p>\n","protected":false},"excerpt":{"rendered":"<p>Votre agence immobili\u00e8re AIP POUZAUGES vous propose en EXCLUSIVITE :<br \/>\nCe charmant pavillon de plain-pied de 1987, de 120 m\u00b2 habitables, id\u00e9alement situ\u00e9 dans un quartier calme, \u00e0 proximit\u00e9 des diff\u00e9rents services.<br \/>\nIl comprend une entr\u00e9e, un salon, un s\u00e9jour lumineux ouvert sur une grande v\u00e9randa chauff\u00e9e\/climatis\u00e9e, une cuisine \u00e9quip\u00e9e et am\u00e9nag\u00e9e et un bureau.<br \/>\nLa partie nuit r\u00e9nov\u00e9e en 2010 est compos\u00e9e de  3 chambres, une salle d\u2019eau avec douche \u00e0 l&#8217;italienne, un WC.<br \/>\nEn annexe on retrouve une buanderie, un garage, une cave et un atelier.<br \/>\nPour votre confort, cette maison est \u00e9quip\u00e9e d\u2019un syst\u00e8me de chauffage au sol, d&#8217;une ventilation double flux et de panneaux photovolta\u00efques \u00e0 la revente.<br \/>\nUne belle piscine semi enterr\u00e9e avec une grande terrasse, expos\u00e9e plein sud, compl\u00e8te ce bel ensemble, le tout sur un terrain clos et arbor\u00e9 d&#8217;environ 700m\u00b2.<br \/>\nA d\u00e9couvrir sans tarder ! <\/p>\n<p>Les informations sur les risques auxquels ce bien est expos\u00e9 sont disponibles sur le site g\u00e9orisques : www.georisques.gouv.fr<\/p>\n","protected":false},"featured_media":5876654,"template":"","meta":{"_acf_changed":false},"product_cat":[17],"product_tag":[29],"secteur":[84],"transaction":[],"ville":[187],"class_list":{"0":"post-5724095","1":"product","2":"type-product","3":"status-publish","4":"has-post-thumbnail","6":"product_cat-vente-vendee-deux-sevres","7":"product_tag-maison","8":"secteur-pouzauges","9":"ville-pouzauges","11":"first","12":"instock","13":"purchasable","14":"product-type-simple"},"acf":[],"_links":{"self":[{"href":"https:\/\/bocagimmo.com\/en\/wp-json\/wp\/v2\/product\/5724095","targetHints":{"allow":["GET"]}}],"collection":[{"href":"https:\/\/bocagimmo.com\/en\/wp-json\/wp\/v2\/product"}],"about":[{"href":"https:\/\/bocagimmo.com\/en\/wp-json\/wp\/v2\/types\/product"}],"wp:featuredmedia":[{"embeddable":true,"href":"https:\/\/bocagimmo.com\/en\/wp-json\/wp\/v2\/media\/5876654"}],"wp:attachment":[{"href":"https:\/\/bocagimmo.com\/en\/wp-json\/wp\/v2\/media?parent=5724095"}],"wp:term":[{"taxonomy":"product_cat","embeddable":true,"href":"https:\/\/bocagimmo.com\/en\/wp-json\/wp\/v2\/product_cat?post=5724095"},{"taxonomy":"product_tag","embeddable":true,"href":"https:\/\/bocagimmo.com\/en\/wp-json\/wp\/v2\/product_tag?post=5724095"},{"taxonomy":"secteur","embeddable":true,"href":"https:\/\/bocagimmo.com\/en\/wp-json\/wp\/v2\/secteur?post=5724095"},{"taxonomy":"transaction","embeddable":true,"href":"https:\/\/bocagimmo.com\/en\/wp-json\/wp\/v2\/transaction?post=5724095"},{"taxonomy":"ville","embeddable":true,"href":"https:\/\/bocagimmo.com\/en\/wp-json\/wp\/v2\/ville?post=5724095"}],"curies":[{"name":"wp","href":"https:\/\/api.w.org\/{rel}","templated":true}]}}