{"id":5724103,"date":"2025-12-11T06:24:00","date_gmt":"2025-12-11T05:24:00","guid":{"rendered":"https:\/\/bocagimmo.com\/bien\/non%20class\u00e9\/plain-pied-2018-sevremont\/"},"modified":"2026-02-23T13:40:07","modified_gmt":"2026-02-23T12:40:07","slug":"plain-pied-2018-sevremont","status":"publish","type":"product","link":"https:\/\/bocagimmo.com\/en\/bien\/vente-vendee-deux-sevres\/plain-pied-2018-sevremont\/","title":{"rendered":"PLAIN PIED 2018 SEVREMONT"},"content":{"rendered":"<p>Votre agence immobili\u00e8re AIP POUZAUGES vous propose :<br \/>\nCe plain-pied de 2018, qui se compose d&#8217;un s\u00e9jour\/salon ouvert sur une cuisine am\u00e9nag\u00e9e et \u00e9quip\u00e9e, d&#8217;un bureau (avec placard), de 3 chambres dont 1 avec dressing , d&#8217;une salle de bains (douche \u00e0 l&#8217;italienne + baignoire). Un garage + grenier de rangement.<br \/>\nChauffage : po\u00eale \u00e0 pellets + radiateurs \u00e9lectriques.<br \/>\nOuvertures PVC double vitrage. Terrasse et abri de jardin. Tout \u00e0 l&#8217;\u00e9gout. Le tout sur une parcelle de 700m\u00b2.<\/p>\n<p>Les informations sur les risques auxquels ce bien est expos\u00e9 sont disponibles sur le site G\u00e9orisques: www.georisques.gouv.fr<\/p>\n","protected":false},"excerpt":{"rendered":"<p>Votre agence immobili\u00e8re AIP POUZAUGES vous propose :<br \/>\nCe plain-pied de 2018, qui se compose d&#8217;un s\u00e9jour\/salon ouvert sur une cuisine am\u00e9nag\u00e9e et \u00e9quip\u00e9e, d&#8217;un bureau (avec placard), de 3 chambres dont 1 avec dressing , d&#8217;une salle de bains (douche \u00e0 l&#8217;italienne + baignoire). Un garage + grenier de rangement.<br \/>\nChauffage : po\u00eale \u00e0 pellets + radiateurs \u00e9lectriques.<br \/>\nOuvertures PVC double vitrage. Terrasse et abri de jardin. Tout \u00e0 l&#8217;\u00e9gout. Le tout sur une parcelle de 700m\u00b2.<\/p>\n<p>Les informations sur les risques auxquels ce bien est expos\u00e9 sont disponibles sur le site G\u00e9orisques: www.georisques.gouv.fr<\/p>\n","protected":false},"featured_media":5876661,"template":"","meta":{"_acf_changed":false},"product_cat":[17],"product_tag":[29],"secteur":[84],"transaction":[],"ville":[378],"class_list":{"0":"post-5724103","1":"product","2":"type-product","3":"status-publish","4":"has-post-thumbnail","6":"product_cat-vente-vendee-deux-sevres","7":"product_tag-maison","8":"secteur-pouzauges","9":"ville-sevremont","11":"first","12":"instock","13":"purchasable","14":"product-type-simple"},"acf":[],"_links":{"self":[{"href":"https:\/\/bocagimmo.com\/en\/wp-json\/wp\/v2\/product\/5724103","targetHints":{"allow":["GET"]}}],"collection":[{"href":"https:\/\/bocagimmo.com\/en\/wp-json\/wp\/v2\/product"}],"about":[{"href":"https:\/\/bocagimmo.com\/en\/wp-json\/wp\/v2\/types\/product"}],"wp:featuredmedia":[{"embeddable":true,"href":"https:\/\/bocagimmo.com\/en\/wp-json\/wp\/v2\/media\/5876661"}],"wp:attachment":[{"href":"https:\/\/bocagimmo.com\/en\/wp-json\/wp\/v2\/media?parent=5724103"}],"wp:term":[{"taxonomy":"product_cat","embeddable":true,"href":"https:\/\/bocagimmo.com\/en\/wp-json\/wp\/v2\/product_cat?post=5724103"},{"taxonomy":"product_tag","embeddable":true,"href":"https:\/\/bocagimmo.com\/en\/wp-json\/wp\/v2\/product_tag?post=5724103"},{"taxonomy":"secteur","embeddable":true,"href":"https:\/\/bocagimmo.com\/en\/wp-json\/wp\/v2\/secteur?post=5724103"},{"taxonomy":"transaction","embeddable":true,"href":"https:\/\/bocagimmo.com\/en\/wp-json\/wp\/v2\/transaction?post=5724103"},{"taxonomy":"ville","embeddable":true,"href":"https:\/\/bocagimmo.com\/en\/wp-json\/wp\/v2\/ville?post=5724103"}],"curies":[{"name":"wp","href":"https:\/\/api.w.org\/{rel}","templated":true}]}}