{"id":5733777,"date":"2026-01-12T03:14:00","date_gmt":"2026-01-12T02:14:00","guid":{"rendered":"https:\/\/bocagimmo.com\/bien\/non%20class\u00e9\/5733777\/"},"modified":"2026-02-23T13:09:36","modified_gmt":"2026-02-23T12:09:36","slug":"5733777","status":"publish","type":"product","link":"https:\/\/bocagimmo.com\/en\/bien\/vente-vendee-deux-sevres\/5733777\/","title":{"rendered":""},"content":{"rendered":"<p>*** D\u00e9sormais sous compromis ***<br \/>\n Votre agence immobili\u00e8re AIP La Ch\u00e2taigneraie vous propose :<br \/>\nCette maison de bourg \u00e0 r\u00e9nover sur une parcelle de 88m\u00b2.<br \/>\nAvec 112m\u00b2 habitables, l&#8217;habitation se compose d&#8217;une entr\u00e9e, d&#8217;un salon, d&#8217;un s\u00e9jour, WC et d&#8217;une cuisine.<br \/>\nAu 1er \u00e9tage : 2 chambres, WC et une salle de bains. Au 2\u00e8me \u00e9tage : 2 chambres et un bureau.<br \/>\nAu sous-sol : une chaufferie\/cave et un rangement.<br \/>\nToiture tuile. Ouverture PVC double vitrage en partie. Volets roulants et persiennes. Chauffage fioul. Tout \u00e0 l&#8217;\u00e9gout. Courette.<\/p>\n<p>Les informations sur les risques auxquels ce bien est expos\u00e9 sont disponibles sur le site G\u00e9orisques : www.georisques.gouv.fr<\/p>\n","protected":false},"excerpt":{"rendered":"<p>*** D\u00e9sormais sous compromis ***<br \/>\n Votre agence immobili\u00e8re AIP La Ch\u00e2taigneraie vous propose :<br \/>\nCette maison de bourg \u00e0 r\u00e9nover sur une parcelle de 88m\u00b2.<br \/>\nAvec 112m\u00b2 habitables, l&#8217;habitation se compose d&#8217;une entr\u00e9e, d&#8217;un salon, d&#8217;un s\u00e9jour, WC et d&#8217;une cuisine.<br \/>\nAu 1er \u00e9tage : 2 chambres, WC et une salle de bains. Au 2\u00e8me \u00e9tage : 2 chambres et un bureau.<br \/>\nAu sous-sol : une chaufferie\/cave et un rangement.<br \/>\nToiture tuile. Ouverture PVC double vitrage en partie. Volets roulants et persiennes. Chauffage fioul. Tout \u00e0 l&#8217;\u00e9gout. Courette.<\/p>\n<p>Les informations sur les risques auxquels ce bien est expos\u00e9 sont disponibles sur le site G\u00e9orisques : www.georisques.gouv.fr<\/p>\n","protected":false},"featured_media":5876350,"template":"","meta":{"_acf_changed":false},"product_cat":[17],"product_tag":[29],"secteur":[86],"transaction":[],"ville":[157],"class_list":{"0":"post-5733777","1":"product","2":"type-product","3":"status-publish","4":"has-post-thumbnail","6":"product_cat-vente-vendee-deux-sevres","7":"product_tag-maison","8":"secteur-la-chataigneraie","9":"ville-la-chataigneraie","11":"first","12":"instock","13":"purchasable","14":"product-type-simple"},"acf":[],"_links":{"self":[{"href":"https:\/\/bocagimmo.com\/en\/wp-json\/wp\/v2\/product\/5733777","targetHints":{"allow":["GET"]}}],"collection":[{"href":"https:\/\/bocagimmo.com\/en\/wp-json\/wp\/v2\/product"}],"about":[{"href":"https:\/\/bocagimmo.com\/en\/wp-json\/wp\/v2\/types\/product"}],"wp:featuredmedia":[{"embeddable":true,"href":"https:\/\/bocagimmo.com\/en\/wp-json\/wp\/v2\/media\/5876350"}],"wp:attachment":[{"href":"https:\/\/bocagimmo.com\/en\/wp-json\/wp\/v2\/media?parent=5733777"}],"wp:term":[{"taxonomy":"product_cat","embeddable":true,"href":"https:\/\/bocagimmo.com\/en\/wp-json\/wp\/v2\/product_cat?post=5733777"},{"taxonomy":"product_tag","embeddable":true,"href":"https:\/\/bocagimmo.com\/en\/wp-json\/wp\/v2\/product_tag?post=5733777"},{"taxonomy":"secteur","embeddable":true,"href":"https:\/\/bocagimmo.com\/en\/wp-json\/wp\/v2\/secteur?post=5733777"},{"taxonomy":"transaction","embeddable":true,"href":"https:\/\/bocagimmo.com\/en\/wp-json\/wp\/v2\/transaction?post=5733777"},{"taxonomy":"ville","embeddable":true,"href":"https:\/\/bocagimmo.com\/en\/wp-json\/wp\/v2\/ville?post=5733777"}],"curies":[{"name":"wp","href":"https:\/\/api.w.org\/{rel}","templated":true}]}}