{"id":5763827,"date":"2025-12-30T02:29:00","date_gmt":"2025-12-30T01:29:00","guid":{"rendered":"https:\/\/bocagimmo.com\/bien\/non%20class\u00e9\/5763827\/"},"modified":"2026-02-23T13:39:58","modified_gmt":"2026-02-23T12:39:58","slug":"5763827","status":"publish","type":"product","link":"https:\/\/bocagimmo.com\/en\/bien\/vente-vendee-deux-sevres\/5763827\/","title":{"rendered":""},"content":{"rendered":"<p>Votre agence immobili\u00e8re AIP POUZAUGES vous propose :<br \/>\nCette maison de ville offrant 120m\u00b2 habitables id\u00e9alement situ\u00e9e dans la ville, \u00e0 proximit\u00e9 des diff\u00e9rents services.<br \/>\nElle comprend une entr\u00e9e, un salon\/s\u00e9jour, une cuisine, une chambre, WC.<br \/>\nA l\u2019\u00e9tage :  3 chambres et une salle de bains.<br \/>\nGrenier de 60 m\u00b2 enti\u00e8rement am\u00e9nageable. Au sous-sol : une cave, une chaufferie et une remise.<br \/>\nCe bien \u00e0 r\u00e9nover,  conviendra parfaitement pour un projet d&#8217;habitation principale ou pour un investissement locatif. A d\u00e9couvrir sans tarder ! <\/p>\n<p>Les informations sur les risques auxquels ce bien est expos\u00e9 sont disponibles sur le site G\u00e9orisques : www.georisques.gouv.fr<\/p>\n","protected":false},"excerpt":{"rendered":"<p>Votre agence immobili\u00e8re AIP POUZAUGES vous propose :<br \/>\nCette maison de ville offrant 120m\u00b2 habitables id\u00e9alement situ\u00e9e dans la ville, \u00e0 proximit\u00e9 des diff\u00e9rents services.<br \/>\nElle comprend une entr\u00e9e, un salon\/s\u00e9jour, une cuisine, une chambre, WC.<br \/>\nA l\u2019\u00e9tage :  3 chambres et une salle de bains.<br \/>\nGrenier de 60 m\u00b2 enti\u00e8rement am\u00e9nageable. Au sous-sol : une cave, une chaufferie et une remise.<br \/>\nCe bien \u00e0 r\u00e9nover,  conviendra parfaitement pour un projet d&#8217;habitation principale ou pour un investissement locatif. A d\u00e9couvrir sans tarder ! <\/p>\n<p>Les informations sur les risques auxquels ce bien est expos\u00e9 sont disponibles sur le site G\u00e9orisques : www.georisques.gouv.fr<\/p>\n","protected":false},"featured_media":5876648,"template":"","meta":{"_acf_changed":false},"product_cat":[17],"product_tag":[29],"secteur":[84],"transaction":[],"ville":[187],"class_list":{"0":"post-5763827","1":"product","2":"type-product","3":"status-publish","4":"has-post-thumbnail","6":"product_cat-vente-vendee-deux-sevres","7":"product_tag-maison","8":"secteur-pouzauges","9":"ville-pouzauges","11":"first","12":"instock","13":"purchasable","14":"product-type-simple"},"acf":[],"_links":{"self":[{"href":"https:\/\/bocagimmo.com\/en\/wp-json\/wp\/v2\/product\/5763827","targetHints":{"allow":["GET"]}}],"collection":[{"href":"https:\/\/bocagimmo.com\/en\/wp-json\/wp\/v2\/product"}],"about":[{"href":"https:\/\/bocagimmo.com\/en\/wp-json\/wp\/v2\/types\/product"}],"wp:featuredmedia":[{"embeddable":true,"href":"https:\/\/bocagimmo.com\/en\/wp-json\/wp\/v2\/media\/5876648"}],"wp:attachment":[{"href":"https:\/\/bocagimmo.com\/en\/wp-json\/wp\/v2\/media?parent=5763827"}],"wp:term":[{"taxonomy":"product_cat","embeddable":true,"href":"https:\/\/bocagimmo.com\/en\/wp-json\/wp\/v2\/product_cat?post=5763827"},{"taxonomy":"product_tag","embeddable":true,"href":"https:\/\/bocagimmo.com\/en\/wp-json\/wp\/v2\/product_tag?post=5763827"},{"taxonomy":"secteur","embeddable":true,"href":"https:\/\/bocagimmo.com\/en\/wp-json\/wp\/v2\/secteur?post=5763827"},{"taxonomy":"transaction","embeddable":true,"href":"https:\/\/bocagimmo.com\/en\/wp-json\/wp\/v2\/transaction?post=5763827"},{"taxonomy":"ville","embeddable":true,"href":"https:\/\/bocagimmo.com\/en\/wp-json\/wp\/v2\/ville?post=5763827"}],"curies":[{"name":"wp","href":"https:\/\/api.w.org\/{rel}","templated":true}]}}