{"id":5777161,"date":"2026-01-05T03:23:00","date_gmt":"2026-01-05T02:23:00","guid":{"rendered":"https:\/\/bocagimmo.com\/bien\/non%20class\u00e9\/5777161\/"},"modified":"2026-02-23T13:37:55","modified_gmt":"2026-02-23T12:37:55","slug":"5777161","status":"publish","type":"product","link":"https:\/\/bocagimmo.com\/en\/bien\/vente-vendee-deux-sevres\/5777161\/","title":{"rendered":""},"content":{"rendered":"<p>Bel ensemble immobilier sur 2 hectares !<br \/>\nVotre agence immobili\u00e8re AIP POUZAUGES vous propose :<br \/>\nEn campagne, \u00e0 quelques minutes de Pouzauges, cette grande maison, en cours de r\u00e9novation, avec de beaux volumes. Elle dispose d\u2019une entr\u00e9e, d\u2019une grande cuisine (41m\u00b2), d\u2019un salon avec chemin\u00e9e (35m\u00b2), d&#8217;un bureau (27m\u00b2), d&#8217;un beau s\u00e9jour avec chemin\u00e9e (50m\u00b2 \/ acc\u00e8s possible par une deuxi\u00e8me entr\u00e9e), d&#8217;une r\u00e9serve et d&#8217;une chaufferie. A l&#8217;\u00e9tage : 3 chambres (12, 13.5 et 24m\u00b2) ainsi que 2 grands greniers am\u00e9nageables (57 et 60m\u00b2). Toiture r\u00e9cente, ouvertures double vitrage, chauffage au sol assur\u00e9 par une chaudi\u00e8re \u00e0 pellets, chauffe-eau solaire, syst\u00e8me d&#8217;assainissement OK (phyto\u00e9puration). On y trouve \u00e9galement un garage\/atelier, un local ind\u00e9pendant (35m\u00b2 \/ id\u00e9al pour une activit\u00e9 professionnelle !), une grange en pierre et un hangar (env. 550m\u00b2) ainsi qu&#8217;une petite maison \u00e0 r\u00e9habiliter. R\u00e9novation en cours, pr\u00e9voir travaux !<br \/>\nPoutres, chemin\u00e9es, fen\u00eatres \u00e0 meneaux et tomettes r\u00e9v\u00e8lent tout le caract\u00e8re et l&#8217;authenticit\u00e9 de cette ancienne b\u00e2tisse \u00e9difi\u00e9e du XIV au XIXe si\u00e8cle. Amoureux de la nature, vous r\u00eavez d&#8217;un bel ensemble immobilier pouvant accueillir vos animaux ? Un projet accueil touristique ? C&#8217;est ici, venez visiter !!<br \/>\nLes informations sur les risques auxquels ce bien est expos\u00e9 sont disponibles sur le site G\u00e9orisques : www.georisques.gouv.fr<\/p>\n","protected":false},"excerpt":{"rendered":"<p>Bel ensemble immobilier sur 2 hectares !<br \/>\nVotre agence immobili\u00e8re AIP POUZAUGES vous propose :<br \/>\nEn campagne, \u00e0 quelques minutes de Pouzauges, cette grande maison, en cours de r\u00e9novation, avec de beaux volumes. Elle dispose d\u2019une entr\u00e9e, d\u2019une grande cuisine (41m\u00b2), d\u2019un salon avec chemin\u00e9e (35m\u00b2), d&#8217;un bureau (27m\u00b2), d&#8217;un beau s\u00e9jour avec chemin\u00e9e (50m\u00b2 \/ acc\u00e8s possible par une deuxi\u00e8me entr\u00e9e), d&#8217;une r\u00e9serve et d&#8217;une chaufferie. A l&#8217;\u00e9tage : 3 chambres (12, 13.5 et 24m\u00b2) ainsi que 2 grands greniers am\u00e9nageables (57 et 60m\u00b2). Toiture r\u00e9cente, ouvertures double vitrage, chauffage au sol assur\u00e9 par une chaudi\u00e8re \u00e0 pellets, chauffe-eau solaire, syst\u00e8me d&#8217;assainissement OK (phyto\u00e9puration). On y trouve \u00e9galement un garage\/atelier, un local ind\u00e9pendant (35m\u00b2 \/ id\u00e9al pour une activit\u00e9 professionnelle !), une grange en pierre et un hangar (env. 550m\u00b2) ainsi qu&#8217;une petite maison \u00e0 r\u00e9habiliter. R\u00e9novation en cours, pr\u00e9voir travaux !<br \/>\nPoutres, chemin\u00e9es, fen\u00eatres \u00e0 meneaux et tomettes r\u00e9v\u00e8lent tout le caract\u00e8re et l&#8217;authenticit\u00e9 de cette ancienne b\u00e2tisse \u00e9difi\u00e9e du XIV au XIXe si\u00e8cle. Amoureux de la nature, vous r\u00eavez d&#8217;un bel ensemble immobilier pouvant accueillir vos animaux ? Un projet accueil touristique ? C&#8217;est ici, venez visiter !!<br \/>\nLes informations sur les risques auxquels ce bien est expos\u00e9 sont disponibles sur le site G\u00e9orisques : www.georisques.gouv.fr<\/p>\n","protected":false},"featured_media":5876465,"template":"","meta":{"_acf_changed":false},"product_cat":[17],"product_tag":[29],"secteur":[84],"transaction":[],"ville":[187],"class_list":{"0":"post-5777161","1":"product","2":"type-product","3":"status-publish","4":"has-post-thumbnail","6":"product_cat-vente-vendee-deux-sevres","7":"product_tag-maison","8":"secteur-pouzauges","9":"ville-pouzauges","11":"first","12":"instock","13":"purchasable","14":"product-type-simple"},"acf":[],"_links":{"self":[{"href":"https:\/\/bocagimmo.com\/en\/wp-json\/wp\/v2\/product\/5777161","targetHints":{"allow":["GET"]}}],"collection":[{"href":"https:\/\/bocagimmo.com\/en\/wp-json\/wp\/v2\/product"}],"about":[{"href":"https:\/\/bocagimmo.com\/en\/wp-json\/wp\/v2\/types\/product"}],"wp:featuredmedia":[{"embeddable":true,"href":"https:\/\/bocagimmo.com\/en\/wp-json\/wp\/v2\/media\/5876465"}],"wp:attachment":[{"href":"https:\/\/bocagimmo.com\/en\/wp-json\/wp\/v2\/media?parent=5777161"}],"wp:term":[{"taxonomy":"product_cat","embeddable":true,"href":"https:\/\/bocagimmo.com\/en\/wp-json\/wp\/v2\/product_cat?post=5777161"},{"taxonomy":"product_tag","embeddable":true,"href":"https:\/\/bocagimmo.com\/en\/wp-json\/wp\/v2\/product_tag?post=5777161"},{"taxonomy":"secteur","embeddable":true,"href":"https:\/\/bocagimmo.com\/en\/wp-json\/wp\/v2\/secteur?post=5777161"},{"taxonomy":"transaction","embeddable":true,"href":"https:\/\/bocagimmo.com\/en\/wp-json\/wp\/v2\/transaction?post=5777161"},{"taxonomy":"ville","embeddable":true,"href":"https:\/\/bocagimmo.com\/en\/wp-json\/wp\/v2\/ville?post=5777161"}],"curies":[{"name":"wp","href":"https:\/\/api.w.org\/{rel}","templated":true}]}}