{"id":5780886,"date":"2026-01-23T04:35:00","date_gmt":"2026-01-23T03:35:00","guid":{"rendered":"https:\/\/bocagimmo.com\/bien\/non%20class\u00e9\/exclusivite-aip-cerizay-au-calme-dune-impasse-proche-ecole-et-commerces\/"},"modified":"2026-02-23T12:39:54","modified_gmt":"2026-02-23T11:39:54","slug":"exclusivite-aip-cerizay-au-calme-dune-impasse-proche-ecole-et-commerces","status":"publish","type":"product","link":"https:\/\/bocagimmo.com\/en\/bien\/vente-vendee-deux-sevres\/exclusivite-aip-cerizay-au-calme-dune-impasse-proche-ecole-et-commerces\/","title":{"rendered":"EXCLUSIVITE AIP CERIZAY AU CALME D&#8217;UNE IMPASSE \/ PROCHE ECOLE ET COMMERCES"},"content":{"rendered":"<p>Votre agence immobili\u00e8re AIP CERIZAY vous propose EN EXCLUSIVITE :<br \/>\nCe pavillon sur sous\/sol de 1977, enti\u00e8rement r\u00e9nov\u00e9 en 2023, offrant sur 94m\u00b2 habitable : une entr\u00e9e avec placards, une cuisine (12.5m\u00b2), un salon \/ salle \u00e0 manger (32m\u00b2), 3 chambres (11.8, 10.6 et 9.5m\u00b2), une salle d&#8217;eau (5m\u00b2) et WC.<br \/>\nAu sous\/sol : une chaufferie de 17m\u00b2, un grand garage carrel\u00e9 de 70m\u00b2, une cave.<br \/>\nL&#8217;ensemble sur une parcelle de 692m\u00b2 avec une belle terrasse carrel\u00e9e.<br \/>\nChauffage gaz de ville (2018), \u00e9lectricit\u00e9 refaite en 2023, isolation ext\u00e9rieure et sous\/sol (2023), ouvertures et volets roulants (2023), traitement complet de la toiture avec peinture hydrofuge (2022), VMC double flux, tout \u00e0 l&#8217;\u00e9gout.<br \/>\nPosez vos valises ! <\/p>\n<p> Les informations sur les risques auxquels ce bien est expos\u00e9 sont disponibles sur le site G\u00e9orisques : www.georisques.gouv.fr<\/p>\n","protected":false},"excerpt":{"rendered":"<p>Votre agence immobili\u00e8re AIP CERIZAY vous propose EN EXCLUSIVITE :<br \/>\nCe pavillon sur sous\/sol de 1977, enti\u00e8rement r\u00e9nov\u00e9 en 2023, offrant sur 94m\u00b2 habitable : une entr\u00e9e avec placards, une cuisine (12.5m\u00b2), un salon \/ salle \u00e0 manger (32m\u00b2), 3 chambres (11.8, 10.6 et 9.5m\u00b2), une salle d&#8217;eau (5m\u00b2) et WC.<br \/>\nAu sous\/sol : une chaufferie de 17m\u00b2, un grand garage carrel\u00e9 de 70m\u00b2, une cave.<br \/>\nL&#8217;ensemble sur une parcelle de 692m\u00b2 avec une belle terrasse carrel\u00e9e.<br \/>\nChauffage gaz de ville (2018), \u00e9lectricit\u00e9 refaite en 2023, isolation ext\u00e9rieure et sous\/sol (2023), ouvertures et volets roulants (2023), traitement complet de la toiture avec peinture hydrofuge (2022), VMC double flux, tout \u00e0 l&#8217;\u00e9gout.<br \/>\nPosez vos valises ! <\/p>\n<p> Les informations sur les risques auxquels ce bien est expos\u00e9 sont disponibles sur le site G\u00e9orisques : www.georisques.gouv.fr<\/p>\n","protected":false},"featured_media":5875974,"template":"","meta":{"_acf_changed":false},"product_cat":[17],"product_tag":[29],"secteur":[85],"transaction":[],"ville":[134],"class_list":{"0":"post-5780886","1":"product","2":"type-product","3":"status-publish","4":"has-post-thumbnail","6":"product_cat-vente-vendee-deux-sevres","7":"product_tag-maison","8":"secteur-cerizay","9":"ville-cerizay","11":"first","12":"instock","13":"purchasable","14":"product-type-simple"},"acf":[],"_links":{"self":[{"href":"https:\/\/bocagimmo.com\/en\/wp-json\/wp\/v2\/product\/5780886","targetHints":{"allow":["GET"]}}],"collection":[{"href":"https:\/\/bocagimmo.com\/en\/wp-json\/wp\/v2\/product"}],"about":[{"href":"https:\/\/bocagimmo.com\/en\/wp-json\/wp\/v2\/types\/product"}],"wp:featuredmedia":[{"embeddable":true,"href":"https:\/\/bocagimmo.com\/en\/wp-json\/wp\/v2\/media\/5875974"}],"wp:attachment":[{"href":"https:\/\/bocagimmo.com\/en\/wp-json\/wp\/v2\/media?parent=5780886"}],"wp:term":[{"taxonomy":"product_cat","embeddable":true,"href":"https:\/\/bocagimmo.com\/en\/wp-json\/wp\/v2\/product_cat?post=5780886"},{"taxonomy":"product_tag","embeddable":true,"href":"https:\/\/bocagimmo.com\/en\/wp-json\/wp\/v2\/product_tag?post=5780886"},{"taxonomy":"secteur","embeddable":true,"href":"https:\/\/bocagimmo.com\/en\/wp-json\/wp\/v2\/secteur?post=5780886"},{"taxonomy":"transaction","embeddable":true,"href":"https:\/\/bocagimmo.com\/en\/wp-json\/wp\/v2\/transaction?post=5780886"},{"taxonomy":"ville","embeddable":true,"href":"https:\/\/bocagimmo.com\/en\/wp-json\/wp\/v2\/ville?post=5780886"}],"curies":[{"name":"wp","href":"https:\/\/api.w.org\/{rel}","templated":true}]}}