{"id":5793534,"date":"2025-12-23T10:02:00","date_gmt":"2025-12-23T09:02:00","guid":{"rendered":"https:\/\/bocagimmo.com\/bien\/non%20class\u00e9\/5793534\/"},"modified":"2026-02-23T13:40:24","modified_gmt":"2026-02-23T12:40:24","slug":"5793534","status":"publish","type":"product","link":"https:\/\/bocagimmo.com\/en\/bien\/vente-vendee-deux-sevres\/5793534\/","title":{"rendered":""},"content":{"rendered":"<p>Votre agence immobili\u00e8re AIP POUZAUGES vous propose en exclusivit\u00e9 cette propri\u00e9t\u00e9  pleine de charme.<br \/>\nId\u00e9alement situ\u00e9e (centre de Pouzauges), \u00e0 quelques pas de l&#8217;ensemble des commerces et services, cette maison enti\u00e8rement r\u00e9nov\u00e9e offre un cadre de vie alliant \u00e9l\u00e9gance, confort et fonctionnalit\u00e9. D\u00e9veloppant 180 m\u00b2 habitables sur 2 \u00e9tages, la propri\u00e9t\u00e9 se distingue par ses volumes g\u00e9n\u00e9reux  et la qualit\u00e9 de ses prestations. Elle propose 4 chambres, chacune disposant d&#8217;une salle de bains privative. Trois WC, r\u00e9partis sur chaque niveau, compl\u00e8tent l&#8217;agencement.<br \/>\nLa vaste pi\u00e8ce de vie, lumineuse et chaleureuse, s&#8217;ouvre sur une cuisine enti\u00e8rement \u00e9quip\u00e9e. Le confort thermique est assur\u00e9 par un po\u00eale \u00e0 granul\u00e9s, conjuguant performance \u00e9nerg\u00e9tique et esth\u00e9tisme.<br \/>\n\u00c0 l&#8217;ext\u00e9rieur, le jardin clos et s\u00e9curis\u00e9 invite \u00e0 la d\u00e9tente en toute intimit\u00e9. Une v\u00e9randa, une cave ainsi que de nombreux espaces annexes viennent parfaire l&#8217;ensemble. Aucun travaux \u00e0 pr\u00e9voir. <\/p>\n<p>\u00ab Les informations sur les risques auxquels ce bien est expos\u00e9 sont disponibles sur le site G\u00e9orisques : www.georisques.gouv.fr \u00bb<\/p>\n","protected":false},"excerpt":{"rendered":"<p>Votre agence immobili\u00e8re AIP POUZAUGES vous propose en exclusivit\u00e9 cette propri\u00e9t\u00e9  pleine de charme.<br \/>\nId\u00e9alement situ\u00e9e (centre de Pouzauges), \u00e0 quelques pas de l&#8217;ensemble des commerces et services, cette maison enti\u00e8rement r\u00e9nov\u00e9e offre un cadre de vie alliant \u00e9l\u00e9gance, confort et fonctionnalit\u00e9. D\u00e9veloppant 180 m\u00b2 habitables sur 2 \u00e9tages, la propri\u00e9t\u00e9 se distingue par ses volumes g\u00e9n\u00e9reux  et la qualit\u00e9 de ses prestations. Elle propose 4 chambres, chacune disposant d&#8217;une salle de bains privative. Trois WC, r\u00e9partis sur chaque niveau, compl\u00e8tent l&#8217;agencement.<br \/>\nLa vaste pi\u00e8ce de vie, lumineuse et chaleureuse, s&#8217;ouvre sur une cuisine enti\u00e8rement \u00e9quip\u00e9e. Le confort thermique est assur\u00e9 par un po\u00eale \u00e0 granul\u00e9s, conjuguant performance \u00e9nerg\u00e9tique et esth\u00e9tisme.<br \/>\n\u00c0 l&#8217;ext\u00e9rieur, le jardin clos et s\u00e9curis\u00e9 invite \u00e0 la d\u00e9tente en toute intimit\u00e9. Une v\u00e9randa, une cave ainsi que de nombreux espaces annexes viennent parfaire l&#8217;ensemble. Aucun travaux \u00e0 pr\u00e9voir. <\/p>\n<p>\u00ab Les informations sur les risques auxquels ce bien est expos\u00e9 sont disponibles sur le site G\u00e9orisques : www.georisques.gouv.fr \u00bb<\/p>\n","protected":false},"featured_media":5876684,"template":"","meta":{"_acf_changed":false},"product_cat":[17],"product_tag":[29],"secteur":[84],"transaction":[],"ville":[187],"class_list":{"0":"post-5793534","1":"product","2":"type-product","3":"status-publish","4":"has-post-thumbnail","6":"product_cat-vente-vendee-deux-sevres","7":"product_tag-maison","8":"secteur-pouzauges","9":"ville-pouzauges","11":"first","12":"instock","13":"purchasable","14":"product-type-simple"},"acf":[],"_links":{"self":[{"href":"https:\/\/bocagimmo.com\/en\/wp-json\/wp\/v2\/product\/5793534","targetHints":{"allow":["GET"]}}],"collection":[{"href":"https:\/\/bocagimmo.com\/en\/wp-json\/wp\/v2\/product"}],"about":[{"href":"https:\/\/bocagimmo.com\/en\/wp-json\/wp\/v2\/types\/product"}],"wp:featuredmedia":[{"embeddable":true,"href":"https:\/\/bocagimmo.com\/en\/wp-json\/wp\/v2\/media\/5876684"}],"wp:attachment":[{"href":"https:\/\/bocagimmo.com\/en\/wp-json\/wp\/v2\/media?parent=5793534"}],"wp:term":[{"taxonomy":"product_cat","embeddable":true,"href":"https:\/\/bocagimmo.com\/en\/wp-json\/wp\/v2\/product_cat?post=5793534"},{"taxonomy":"product_tag","embeddable":true,"href":"https:\/\/bocagimmo.com\/en\/wp-json\/wp\/v2\/product_tag?post=5793534"},{"taxonomy":"secteur","embeddable":true,"href":"https:\/\/bocagimmo.com\/en\/wp-json\/wp\/v2\/secteur?post=5793534"},{"taxonomy":"transaction","embeddable":true,"href":"https:\/\/bocagimmo.com\/en\/wp-json\/wp\/v2\/transaction?post=5793534"},{"taxonomy":"ville","embeddable":true,"href":"https:\/\/bocagimmo.com\/en\/wp-json\/wp\/v2\/ville?post=5793534"}],"curies":[{"name":"wp","href":"https:\/\/api.w.org\/{rel}","templated":true}]}}