{"id":5808312,"date":"2026-01-21T09:08:00","date_gmt":"2026-01-21T08:08:00","guid":{"rendered":"https:\/\/bocagimmo.com\/bien\/non%20class\u00e9\/cerizay-centre-ville-2\/"},"modified":"2026-02-23T12:41:12","modified_gmt":"2026-02-23T11:41:12","slug":"cerizay-centre-ville-2","status":"publish","type":"product","link":"https:\/\/bocagimmo.com\/en\/bien\/vente-vendee-deux-sevres\/cerizay-centre-ville-2\/","title":{"rendered":"CERIZAY &#8211; CENTRE VILLE"},"content":{"rendered":"<p>Votre agence immobili\u00e8re AIP CERIZAY vous propose :<br \/>\nCette maison de ville, de  140m\u00b2 habitables, id\u00e9alement situ\u00e9e proche tous commerces. Elle comprend une entr\u00e9e, un salon\/s\u00e9jour (30m\u00b2) avec chemin\u00e9e,  une cuisine (14.5m\u00b2), WC, une chaufferie, une salle d&#8217;eau (3.8m\u00b2).<br \/>\nAu 1er \u00e9tage : WC, une salle d&#8217;eau (5m\u00b2), 2 chambres (16.2 et 16.5m\u00b2).<br \/>\nAu second \u00e9tage :  2 chambres (11.6 et 17.2m\u00b2), un grenier am\u00e9nageable de 9m\u00b2.<br \/>\nUne terrasse  et un garage non attenant de 45m\u00b2 compl\u00e8tent l&#8217;ensemble.<br \/>\nOuvertures doubles vitrages PVC, chauffage gaz de ville.<\/p>\n<p>Les informations sur les risques auxquels ce bien est expos\u00e9 sont disponibles sur le site G\u00e9orisques: www.georisques.gouv.fr<\/p>\n","protected":false},"excerpt":{"rendered":"<p>Votre agence immobili\u00e8re AIP CERIZAY vous propose :<br \/>\nCette maison de ville, de  140m\u00b2 habitables, id\u00e9alement situ\u00e9e proche tous commerces. Elle comprend une entr\u00e9e, un salon\/s\u00e9jour (30m\u00b2) avec chemin\u00e9e,  une cuisine (14.5m\u00b2), WC, une chaufferie, une salle d&#8217;eau (3.8m\u00b2).<br \/>\nAu 1er \u00e9tage : WC, une salle d&#8217;eau (5m\u00b2), 2 chambres (16.2 et 16.5m\u00b2).<br \/>\nAu second \u00e9tage :  2 chambres (11.6 et 17.2m\u00b2), un grenier am\u00e9nageable de 9m\u00b2.<br \/>\nUne terrasse  et un garage non attenant de 45m\u00b2 compl\u00e8tent l&#8217;ensemble.<br \/>\nOuvertures doubles vitrages PVC, chauffage gaz de ville.<\/p>\n<p>Les informations sur les risques auxquels ce bien est expos\u00e9 sont disponibles sur le site G\u00e9orisques: www.georisques.gouv.fr<\/p>\n","protected":false},"featured_media":5876087,"template":"","meta":{"_acf_changed":false},"product_cat":[17],"product_tag":[29],"secteur":[85],"transaction":[],"ville":[134],"class_list":{"0":"post-5808312","1":"product","2":"type-product","3":"status-publish","4":"has-post-thumbnail","6":"product_cat-vente-vendee-deux-sevres","7":"product_tag-maison","8":"secteur-cerizay","9":"ville-cerizay","11":"first","12":"instock","13":"purchasable","14":"product-type-simple"},"acf":[],"_links":{"self":[{"href":"https:\/\/bocagimmo.com\/en\/wp-json\/wp\/v2\/product\/5808312","targetHints":{"allow":["GET"]}}],"collection":[{"href":"https:\/\/bocagimmo.com\/en\/wp-json\/wp\/v2\/product"}],"about":[{"href":"https:\/\/bocagimmo.com\/en\/wp-json\/wp\/v2\/types\/product"}],"wp:featuredmedia":[{"embeddable":true,"href":"https:\/\/bocagimmo.com\/en\/wp-json\/wp\/v2\/media\/5876087"}],"wp:attachment":[{"href":"https:\/\/bocagimmo.com\/en\/wp-json\/wp\/v2\/media?parent=5808312"}],"wp:term":[{"taxonomy":"product_cat","embeddable":true,"href":"https:\/\/bocagimmo.com\/en\/wp-json\/wp\/v2\/product_cat?post=5808312"},{"taxonomy":"product_tag","embeddable":true,"href":"https:\/\/bocagimmo.com\/en\/wp-json\/wp\/v2\/product_tag?post=5808312"},{"taxonomy":"secteur","embeddable":true,"href":"https:\/\/bocagimmo.com\/en\/wp-json\/wp\/v2\/secteur?post=5808312"},{"taxonomy":"transaction","embeddable":true,"href":"https:\/\/bocagimmo.com\/en\/wp-json\/wp\/v2\/transaction?post=5808312"},{"taxonomy":"ville","embeddable":true,"href":"https:\/\/bocagimmo.com\/en\/wp-json\/wp\/v2\/ville?post=5808312"}],"curies":[{"name":"wp","href":"https:\/\/api.w.org\/{rel}","templated":true}]}}