{"id":5809611,"date":"2026-01-22T11:06:00","date_gmt":"2026-01-22T10:06:00","guid":{"rendered":"https:\/\/bocagimmo.com\/bien\/non%20class\u00e9\/5809611\/"},"modified":"2026-02-23T13:09:39","modified_gmt":"2026-02-23T12:09:39","slug":"5809611","status":"publish","type":"product","link":"https:\/\/bocagimmo.com\/en\/bien\/vente-vendee-deux-sevres\/5809611\/","title":{"rendered":""},"content":{"rendered":"<p>POSEZ VOS VALISES ! Votre agence immobili\u00e8re AIP La Ch\u00e2taigneraie vous propose  :<br \/>\nCe plain-pied de 2005 sur une parcelle d&#8217;environ 890m\u00b2. Avec 113m\u00b2 habitables, l&#8217;habitation se compose d&#8217;une entr\u00e9e, d&#8217;un salon (po\u00eale \u00e0 bois) \/s\u00e9jour\/cuisine \u00e9quip\u00e9e de 48,86m\u00b2, d&#8217;une arri\u00e8re-cuisine,  WC suspendus, de 3 chambres de 12,09m\u00b2, 11,72m\u00b2 et 11,42m\u00b2 dont 2 avec placard, d&#8217;une salle d&#8217;eau de 6,77m\u00b2.  Garage avec portail \u00e9lectrique. Au sous-sol : un atelier\/cave et un rangement. Toiture tuile en bon \u00e9tat. Ouverture PVC double vitrage. Volets roulants \u00e9lectriques. Chauffage au sol \u00e9lectrique et po\u00eale \u00e0 bois. Robot de tonte. Tout \u00e0 l&#8217;\u00e9gout. Pr\u00e9au et balcon. Le tout sur une parcelle paysag\u00e9e et goudronn\u00e9e.<br \/>\nLes honoraires de l&#8217;agence sont \u00e0 la charge du vendeur.<br \/>\nLes informations sur les risques auxquels ce bien est expos\u00e9 sont disponibles sur le site G\u00e9orisques : www.georisques.gouv.fr<\/p>\n","protected":false},"excerpt":{"rendered":"<p>POSEZ VOS VALISES ! Votre agence immobili\u00e8re AIP La Ch\u00e2taigneraie vous propose  :<br \/>\nCe plain-pied de 2005 sur une parcelle d&#8217;environ 890m\u00b2. Avec 113m\u00b2 habitables, l&#8217;habitation se compose d&#8217;une entr\u00e9e, d&#8217;un salon (po\u00eale \u00e0 bois) \/s\u00e9jour\/cuisine \u00e9quip\u00e9e de 48,86m\u00b2, d&#8217;une arri\u00e8re-cuisine,  WC suspendus, de 3 chambres de 12,09m\u00b2, 11,72m\u00b2 et 11,42m\u00b2 dont 2 avec placard, d&#8217;une salle d&#8217;eau de 6,77m\u00b2.  Garage avec portail \u00e9lectrique. Au sous-sol : un atelier\/cave et un rangement. Toiture tuile en bon \u00e9tat. Ouverture PVC double vitrage. Volets roulants \u00e9lectriques. Chauffage au sol \u00e9lectrique et po\u00eale \u00e0 bois. Robot de tonte. Tout \u00e0 l&#8217;\u00e9gout. Pr\u00e9au et balcon. Le tout sur une parcelle paysag\u00e9e et goudronn\u00e9e.<br \/>\nLes honoraires de l&#8217;agence sont \u00e0 la charge du vendeur.<br \/>\nLes informations sur les risques auxquels ce bien est expos\u00e9 sont disponibles sur le site G\u00e9orisques : www.georisques.gouv.fr<\/p>\n","protected":false},"featured_media":5876351,"template":"","meta":{"_acf_changed":false},"product_cat":[17],"product_tag":[29],"secteur":[86],"transaction":[],"ville":[497],"class_list":{"0":"post-5809611","1":"product","2":"type-product","3":"status-publish","4":"has-post-thumbnail","6":"product_cat-vente-vendee-deux-sevres","7":"product_tag-maison","8":"secteur-la-chataigneraie","9":"ville-la-tardiere","11":"first","12":"instock","13":"purchasable","14":"product-type-simple"},"acf":[],"_links":{"self":[{"href":"https:\/\/bocagimmo.com\/en\/wp-json\/wp\/v2\/product\/5809611","targetHints":{"allow":["GET"]}}],"collection":[{"href":"https:\/\/bocagimmo.com\/en\/wp-json\/wp\/v2\/product"}],"about":[{"href":"https:\/\/bocagimmo.com\/en\/wp-json\/wp\/v2\/types\/product"}],"wp:featuredmedia":[{"embeddable":true,"href":"https:\/\/bocagimmo.com\/en\/wp-json\/wp\/v2\/media\/5876351"}],"wp:attachment":[{"href":"https:\/\/bocagimmo.com\/en\/wp-json\/wp\/v2\/media?parent=5809611"}],"wp:term":[{"taxonomy":"product_cat","embeddable":true,"href":"https:\/\/bocagimmo.com\/en\/wp-json\/wp\/v2\/product_cat?post=5809611"},{"taxonomy":"product_tag","embeddable":true,"href":"https:\/\/bocagimmo.com\/en\/wp-json\/wp\/v2\/product_tag?post=5809611"},{"taxonomy":"secteur","embeddable":true,"href":"https:\/\/bocagimmo.com\/en\/wp-json\/wp\/v2\/secteur?post=5809611"},{"taxonomy":"transaction","embeddable":true,"href":"https:\/\/bocagimmo.com\/en\/wp-json\/wp\/v2\/transaction?post=5809611"},{"taxonomy":"ville","embeddable":true,"href":"https:\/\/bocagimmo.com\/en\/wp-json\/wp\/v2\/ville?post=5809611"}],"curies":[{"name":"wp","href":"https:\/\/api.w.org\/{rel}","templated":true}]}}