{"id":5812154,"date":"2026-01-22T11:49:00","date_gmt":"2026-01-22T10:49:00","guid":{"rendered":"https:\/\/bocagimmo.com\/bien\/non%20class\u00e9\/beaux-volumes-2\/"},"modified":"2026-02-23T13:40:34","modified_gmt":"2026-02-23T12:40:34","slug":"beaux-volumes","status":"publish","type":"product","link":"https:\/\/bocagimmo.com\/en\/bien\/vente-vendee-deux-sevres\/beaux-volumes\/","title":{"rendered":"Beaux volumes!"},"content":{"rendered":"<p>POUZAUGES &#8211; 6 minutes<br \/>\nVotre agence immobili\u00e8re AIP POUZAUGES vous propose en exclusivit\u00e9 cette jolie maison situ\u00e9e \u00e0 quelques minutes de POUZAUGES.<br \/>\nSur 163m\u00b2 habitables, elle vous offre une entr\u00e9e, un s\u00e9jour avec chemin\u00e9e (belle hauteur sous plafond !), une cuisine am\u00e9nag\u00e9e et \u00e9quip\u00e9e donnant acc\u00e8s \u00e0 une agr\u00e9able v\u00e9randa (28m\u00b2), une chambre (12m\u00b2), une salle de bains et WC.<br \/>\nA l&#8217;\u00e9tage, 2 chambres (14,4 et 14,7m\u00b2), un bureau, une salle d&#8217;eau\/WC et un d\u00e9barras. Vous disposerez d&#8217;une lingerie et d&#8217;un garage avec faux grenier (porte automatis\u00e9e). Une terrasse et un abri de jardin compl\u00e8tent cet ensemble sur un terrain clos d&#8217;environ 1150m\u00b2. Tout \u00e0 l&#8217;\u00e9gout, ouvertures pvc double vitrage, isolation ext\u00e9rieure, chauffage fioul et pellets \/ insert.  Services \u00e0 proximit\u00e9.<\/p>\n<p>Les informations sur les risques auxquels ce bien est expos\u00e9 sont disponibles sur le site www.georisques.gouv.fr<\/p>\n","protected":false},"excerpt":{"rendered":"<p>POUZAUGES &#8211; 6 minutes<br \/>\nVotre agence immobili\u00e8re AIP POUZAUGES vous propose en exclusivit\u00e9 cette jolie maison situ\u00e9e \u00e0 quelques minutes de POUZAUGES.<br \/>\nSur 163m\u00b2 habitables, elle vous offre une entr\u00e9e, un s\u00e9jour avec chemin\u00e9e (belle hauteur sous plafond !), une cuisine am\u00e9nag\u00e9e et \u00e9quip\u00e9e donnant acc\u00e8s \u00e0 une agr\u00e9able v\u00e9randa (28m\u00b2), une chambre (12m\u00b2), une salle de bains et WC.<br \/>\nA l&#8217;\u00e9tage, 2 chambres (14,4 et 14,7m\u00b2), un bureau, une salle d&#8217;eau\/WC et un d\u00e9barras. Vous disposerez d&#8217;une lingerie et d&#8217;un garage avec faux grenier (porte automatis\u00e9e). Une terrasse et un abri de jardin compl\u00e8tent cet ensemble sur un terrain clos d&#8217;environ 1150m\u00b2. Tout \u00e0 l&#8217;\u00e9gout, ouvertures pvc double vitrage, isolation ext\u00e9rieure, chauffage fioul et pellets \/ insert.  Services \u00e0 proximit\u00e9.<\/p>\n<p>Les informations sur les risques auxquels ce bien est expos\u00e9 sont disponibles sur le site www.georisques.gouv.fr<\/p>\n","protected":false},"featured_media":5876700,"template":"","meta":{"_acf_changed":false},"product_cat":[17],"product_tag":[29],"secteur":[84],"transaction":[],"ville":[187],"class_list":{"0":"post-5812154","1":"product","2":"type-product","3":"status-publish","4":"has-post-thumbnail","6":"product_cat-vente-vendee-deux-sevres","7":"product_tag-maison","8":"secteur-pouzauges","9":"ville-pouzauges","11":"first","12":"instock","13":"purchasable","14":"product-type-simple"},"acf":[],"_links":{"self":[{"href":"https:\/\/bocagimmo.com\/en\/wp-json\/wp\/v2\/product\/5812154","targetHints":{"allow":["GET"]}}],"collection":[{"href":"https:\/\/bocagimmo.com\/en\/wp-json\/wp\/v2\/product"}],"about":[{"href":"https:\/\/bocagimmo.com\/en\/wp-json\/wp\/v2\/types\/product"}],"wp:featuredmedia":[{"embeddable":true,"href":"https:\/\/bocagimmo.com\/en\/wp-json\/wp\/v2\/media\/5876700"}],"wp:attachment":[{"href":"https:\/\/bocagimmo.com\/en\/wp-json\/wp\/v2\/media?parent=5812154"}],"wp:term":[{"taxonomy":"product_cat","embeddable":true,"href":"https:\/\/bocagimmo.com\/en\/wp-json\/wp\/v2\/product_cat?post=5812154"},{"taxonomy":"product_tag","embeddable":true,"href":"https:\/\/bocagimmo.com\/en\/wp-json\/wp\/v2\/product_tag?post=5812154"},{"taxonomy":"secteur","embeddable":true,"href":"https:\/\/bocagimmo.com\/en\/wp-json\/wp\/v2\/secteur?post=5812154"},{"taxonomy":"transaction","embeddable":true,"href":"https:\/\/bocagimmo.com\/en\/wp-json\/wp\/v2\/transaction?post=5812154"},{"taxonomy":"ville","embeddable":true,"href":"https:\/\/bocagimmo.com\/en\/wp-json\/wp\/v2\/ville?post=5812154"}],"curies":[{"name":"wp","href":"https:\/\/api.w.org\/{rel}","templated":true}]}}