{"id":5822332,"date":"2026-01-27T05:33:00","date_gmt":"2026-01-27T04:33:00","guid":{"rendered":"https:\/\/bocagimmo.com\/bien\/non%20class\u00e9\/baisse-de-prix\/"},"modified":"2026-02-23T12:39:41","modified_gmt":"2026-02-23T11:39:41","slug":"baisse-de-prix","status":"publish","type":"product","link":"https:\/\/bocagimmo.com\/en\/bien\/vente-vendee-deux-sevres\/baisse-de-prix\/","title":{"rendered":"BAISSE DE PRIX !!"},"content":{"rendered":"<p>*** Baisse de prix !! ***<br \/>\nVotre agence immobili\u00e8re AIP CERIZAY vous propose :<br \/>\nProche des commerces et \u00e9coles, cette maison en tr\u00e8s bon \u00e9tat g\u00e9n\u00e9ral de 154m\u00b2  vous offre au RDC : un salon avec po\u00eale \u00e0 bois (24.10m\u00b2), une salle \u00e0 manger (22.70m\u00b2), une cuisine am\u00e9nag\u00e9e et \u00e9quip\u00e9e (13.70m\u00b2), WC, 2 chambres (19.40 et 13.80m\u00b2), une salle d&#8217;eau (4.86m\u00b2), un bureau (10m\u00b2) et un jardin d&#8217;hiver (15.57m\u00b2).<br \/>\nA l&#8217;\u00e9tage :  une chambre (12.80m\u00b2) et une salle d&#8217;eau avec WC (6.32m\u00b2), une autre pi\u00e8ce de 25m\u00b2 au sol (id\u00e9al rangement ou chambre d&#8217;appoint). Un b\u00e2timent attenant comprenant un garage (21m\u00b2), une cave (8m\u00b2), un d\u00e9barras (5m\u00b2) et un grenier (55m\u00b2) compl\u00e8te l&#8217;ensemble. Le tout sur une parcelle arbor\u00e9e cl\u00f4tur\u00e9e de 1168m\u00b2. Chauffage gaz de ville, tout \u00e0 l&#8217;\u00e9gout.<\/p>\n<p>Les informations sur les risques auxquels ce bien est expos\u00e9 sont disponibles sur le site G\u00e9orisques : www.georisques.gouv.fr<\/p>\n","protected":false},"excerpt":{"rendered":"<p>*** Baisse de prix !! ***<br \/>\nVotre agence immobili\u00e8re AIP CERIZAY vous propose :<br \/>\nProche des commerces et \u00e9coles, cette maison en tr\u00e8s bon \u00e9tat g\u00e9n\u00e9ral de 154m\u00b2  vous offre au RDC : un salon avec po\u00eale \u00e0 bois (24.10m\u00b2), une salle \u00e0 manger (22.70m\u00b2), une cuisine am\u00e9nag\u00e9e et \u00e9quip\u00e9e (13.70m\u00b2), WC, 2 chambres (19.40 et 13.80m\u00b2), une salle d&#8217;eau (4.86m\u00b2), un bureau (10m\u00b2) et un jardin d&#8217;hiver (15.57m\u00b2).<br \/>\nA l&#8217;\u00e9tage :  une chambre (12.80m\u00b2) et une salle d&#8217;eau avec WC (6.32m\u00b2), une autre pi\u00e8ce de 25m\u00b2 au sol (id\u00e9al rangement ou chambre d&#8217;appoint). Un b\u00e2timent attenant comprenant un garage (21m\u00b2), une cave (8m\u00b2), un d\u00e9barras (5m\u00b2) et un grenier (55m\u00b2) compl\u00e8te l&#8217;ensemble. Le tout sur une parcelle arbor\u00e9e cl\u00f4tur\u00e9e de 1168m\u00b2. Chauffage gaz de ville, tout \u00e0 l&#8217;\u00e9gout.<\/p>\n<p>Les informations sur les risques auxquels ce bien est expos\u00e9 sont disponibles sur le site G\u00e9orisques : www.georisques.gouv.fr<\/p>\n","protected":false},"featured_media":5875955,"template":"","meta":{"_acf_changed":false},"product_cat":[17],"product_tag":[29],"secteur":[85],"transaction":[],"ville":[528],"class_list":{"0":"post-5822332","1":"product","2":"type-product","3":"status-publish","4":"has-post-thumbnail","6":"product_cat-vente-vendee-deux-sevres","7":"product_tag-maison","8":"secteur-cerizay","9":"ville-nueil-les-aubiers","11":"first","12":"instock","13":"purchasable","14":"product-type-simple"},"acf":[],"_links":{"self":[{"href":"https:\/\/bocagimmo.com\/en\/wp-json\/wp\/v2\/product\/5822332","targetHints":{"allow":["GET"]}}],"collection":[{"href":"https:\/\/bocagimmo.com\/en\/wp-json\/wp\/v2\/product"}],"about":[{"href":"https:\/\/bocagimmo.com\/en\/wp-json\/wp\/v2\/types\/product"}],"wp:featuredmedia":[{"embeddable":true,"href":"https:\/\/bocagimmo.com\/en\/wp-json\/wp\/v2\/media\/5875955"}],"wp:attachment":[{"href":"https:\/\/bocagimmo.com\/en\/wp-json\/wp\/v2\/media?parent=5822332"}],"wp:term":[{"taxonomy":"product_cat","embeddable":true,"href":"https:\/\/bocagimmo.com\/en\/wp-json\/wp\/v2\/product_cat?post=5822332"},{"taxonomy":"product_tag","embeddable":true,"href":"https:\/\/bocagimmo.com\/en\/wp-json\/wp\/v2\/product_tag?post=5822332"},{"taxonomy":"secteur","embeddable":true,"href":"https:\/\/bocagimmo.com\/en\/wp-json\/wp\/v2\/secteur?post=5822332"},{"taxonomy":"transaction","embeddable":true,"href":"https:\/\/bocagimmo.com\/en\/wp-json\/wp\/v2\/transaction?post=5822332"},{"taxonomy":"ville","embeddable":true,"href":"https:\/\/bocagimmo.com\/en\/wp-json\/wp\/v2\/ville?post=5822332"}],"curies":[{"name":"wp","href":"https:\/\/api.w.org\/{rel}","templated":true}]}}