{"id":5824504,"date":"2026-02-07T09:04:00","date_gmt":"2026-02-07T08:04:00","guid":{"rendered":"https:\/\/bocagimmo.com\/bien\/non%20class\u00e9\/a-10min-de-moncoutant-au-calme-de-la-campagne\/"},"modified":"2026-02-23T12:41:18","modified_gmt":"2026-02-23T11:41:18","slug":"a-10-mn-de-moncoutant-au-calme-de-la-campagne","status":"publish","type":"product","link":"https:\/\/bocagimmo.com\/en\/bien\/vente-vendee-deux-sevres\/a-10-mn-de-moncoutant-au-calme-de-la-campagne\/","title":{"rendered":"A 10 MN DE MONCOUTANT &#8211; AU CALME DE LA CAMPAGNE"},"content":{"rendered":"<p>Votre agence immobili\u00e8re AIP vous propose :<br \/>\nDans un hameau au sud de Moncoutant, cette maison de pierre, pleine de charme, offrant un potentiel de plus de 240m\u00b2 habitable. Elle comprend une entr\u00e9e (5.5m\u00b2), une grande pi\u00e8ce de vie (73.5m\u00b2), un espace sanitaire et WC(21m\u00b2), une grande chambre avec possibilit\u00e9 d&#8217;am\u00e9nager un dressing (29m\u00b2), une  chaufferie\/buanderie (38m\u00b2).<br \/>\nA l&#8217;\u00e9tage : on retrouve 2 plateaux de grenier am\u00e9nageables de 47m\u00b2 et 28m\u00b2 (de quoi cr\u00e9er des chambres et des pi\u00e8ces d&#8217;eau).<br \/>\nL&#8217;ensemble vendu avec plusieurs parcelles de terrains avec un hangar et du potager pour une superficie totale de 1200m\u00b2.<br \/>\nChauffage au fuel (non connect\u00e9), puits raccord\u00e9 \u00e0 la maison, ouvertures PVC doubles vitrage de 2023, fosse septique non conforme. De beaux volumes !! <\/p>\n<p>DPE non \u00e9ligible <\/p>\n<p>Les informations sur les risques auxquels ce bien est expos\u00e9 sont disponibles sur le site G\u00e9orisques : www.georisques.gouv.fr<\/p>\n","protected":false},"excerpt":{"rendered":"<p>Votre agence immobili\u00e8re AIP vous propose :<br \/>\nDans un hameau au sud de Moncoutant, cette maison de pierre, pleine de charme, offrant un potentiel de plus de 240m\u00b2 habitable. Elle comprend une entr\u00e9e (5.5m\u00b2), une grande pi\u00e8ce de vie (73.5m\u00b2), un espace sanitaire et WC(21m\u00b2), une grande chambre avec possibilit\u00e9 d&#8217;am\u00e9nager un dressing (29m\u00b2), une  chaufferie\/buanderie (38m\u00b2).<br \/>\nA l&#8217;\u00e9tage : on retrouve 2 plateaux de grenier am\u00e9nageables de 47m\u00b2 et 28m\u00b2 (de quoi cr\u00e9er des chambres et des pi\u00e8ces d&#8217;eau).<br \/>\nL&#8217;ensemble vendu avec plusieurs parcelles de terrains avec un hangar et du potager pour une superficie totale de 1200m\u00b2.<br \/>\nChauffage au fuel (non connect\u00e9), puits raccord\u00e9 \u00e0 la maison, ouvertures PVC doubles vitrage de 2023, fosse septique non conforme. De beaux volumes !! <\/p>\n<p>DPE non \u00e9ligible <\/p>\n<p>Les informations sur les risques auxquels ce bien est expos\u00e9 sont disponibles sur le site G\u00e9orisques : www.georisques.gouv.fr<\/p>\n","protected":false},"featured_media":5876097,"template":"","meta":{"_acf_changed":false},"product_cat":[17],"product_tag":[29],"secteur":[85],"transaction":[],"ville":[137],"class_list":{"0":"post-5824504","1":"product","2":"type-product","3":"status-publish","4":"has-post-thumbnail","6":"product_cat-vente-vendee-deux-sevres","7":"product_tag-maison","8":"secteur-cerizay","9":"ville-moncoutant","11":"first","12":"instock","13":"purchasable","14":"product-type-simple"},"acf":[],"_links":{"self":[{"href":"https:\/\/bocagimmo.com\/en\/wp-json\/wp\/v2\/product\/5824504","targetHints":{"allow":["GET"]}}],"collection":[{"href":"https:\/\/bocagimmo.com\/en\/wp-json\/wp\/v2\/product"}],"about":[{"href":"https:\/\/bocagimmo.com\/en\/wp-json\/wp\/v2\/types\/product"}],"wp:featuredmedia":[{"embeddable":true,"href":"https:\/\/bocagimmo.com\/en\/wp-json\/wp\/v2\/media\/5876097"}],"wp:attachment":[{"href":"https:\/\/bocagimmo.com\/en\/wp-json\/wp\/v2\/media?parent=5824504"}],"wp:term":[{"taxonomy":"product_cat","embeddable":true,"href":"https:\/\/bocagimmo.com\/en\/wp-json\/wp\/v2\/product_cat?post=5824504"},{"taxonomy":"product_tag","embeddable":true,"href":"https:\/\/bocagimmo.com\/en\/wp-json\/wp\/v2\/product_tag?post=5824504"},{"taxonomy":"secteur","embeddable":true,"href":"https:\/\/bocagimmo.com\/en\/wp-json\/wp\/v2\/secteur?post=5824504"},{"taxonomy":"transaction","embeddable":true,"href":"https:\/\/bocagimmo.com\/en\/wp-json\/wp\/v2\/transaction?post=5824504"},{"taxonomy":"ville","embeddable":true,"href":"https:\/\/bocagimmo.com\/en\/wp-json\/wp\/v2\/ville?post=5824504"}],"curies":[{"name":"wp","href":"https:\/\/api.w.org\/{rel}","templated":true}]}}