{"id":5825225,"date":"2026-01-28T06:36:00","date_gmt":"2026-01-28T05:36:00","guid":{"rendered":"https:\/\/bocagimmo.com\/bien\/non%20class\u00e9\/maison-de-campagne-4-chambres-2\/"},"modified":"2026-02-23T13:40:49","modified_gmt":"2026-02-23T12:40:49","slug":"maison-de-campagne-4-chambres-2","status":"publish","type":"product","link":"https:\/\/bocagimmo.com\/en\/bien\/vente-vendee-deux-sevres\/maison-de-campagne-4-chambres-2\/","title":{"rendered":"Maison de campagne &#8211; 4 chambres"},"content":{"rendered":"<p>Maison de campagne 4 chambres \u00e0 3mn de POUZAUGES<br \/>\nVotre agence immobili\u00e8re AIP Pouzauges vous propose cette jolie maison situ\u00e9e au calme de la campagne. Elle comprend sur 131m\u00b2 habitables : une cuisine am\u00e9nag\u00e9e et \u00e9quip\u00e9e (20m\u00b2), un salon\/salle \u00e0 manger (30m\u00b2) avec chemin\u00e9e,  2 chambres (13,6m\u00b2 et 10,7m\u00b2) et WC. A l\u2019\u00e9tage : 2 autres chambres (10,5m\u00b2 et 13,8m\u00b2), une salle d\u2019eau (10m\u00b2) ainsi qu&#8217;un beau grenier am\u00e9nageable (32m\u00b2). Ouvertures PVC double vitrage. Chauffage fioul et bois. Fibre optique. Cour ferm\u00e9e, terrasse avec barbecue, pr\u00e9au et cave. En face, garage et terrain. Environnement calme.<\/p>\n<p>Les informations sur les risques auxquels ce bien est expos\u00e9 sont disponibles sur le site G\u00e9orisques : www.georisques.gouv.fr<\/p>\n","protected":false},"excerpt":{"rendered":"<p>Maison de campagne 4 chambres \u00e0 3mn de POUZAUGES<br \/>\nVotre agence immobili\u00e8re AIP Pouzauges vous propose cette jolie maison situ\u00e9e au calme de la campagne. Elle comprend sur 131m\u00b2 habitables : une cuisine am\u00e9nag\u00e9e et \u00e9quip\u00e9e (20m\u00b2), un salon\/salle \u00e0 manger (30m\u00b2) avec chemin\u00e9e,  2 chambres (13,6m\u00b2 et 10,7m\u00b2) et WC. A l\u2019\u00e9tage : 2 autres chambres (10,5m\u00b2 et 13,8m\u00b2), une salle d\u2019eau (10m\u00b2) ainsi qu&#8217;un beau grenier am\u00e9nageable (32m\u00b2). Ouvertures PVC double vitrage. Chauffage fioul et bois. Fibre optique. Cour ferm\u00e9e, terrasse avec barbecue, pr\u00e9au et cave. En face, garage et terrain. Environnement calme.<\/p>\n<p>Les informations sur les risques auxquels ce bien est expos\u00e9 sont disponibles sur le site G\u00e9orisques : www.georisques.gouv.fr<\/p>\n","protected":false},"featured_media":5876722,"template":"","meta":{"_acf_changed":false},"product_cat":[17],"product_tag":[29],"secteur":[84],"transaction":[],"ville":[187],"class_list":{"0":"post-5825225","1":"product","2":"type-product","3":"status-publish","4":"has-post-thumbnail","6":"product_cat-vente-vendee-deux-sevres","7":"product_tag-maison","8":"secteur-pouzauges","9":"ville-pouzauges","11":"first","12":"instock","13":"purchasable","14":"product-type-simple"},"acf":[],"_links":{"self":[{"href":"https:\/\/bocagimmo.com\/en\/wp-json\/wp\/v2\/product\/5825225","targetHints":{"allow":["GET"]}}],"collection":[{"href":"https:\/\/bocagimmo.com\/en\/wp-json\/wp\/v2\/product"}],"about":[{"href":"https:\/\/bocagimmo.com\/en\/wp-json\/wp\/v2\/types\/product"}],"wp:featuredmedia":[{"embeddable":true,"href":"https:\/\/bocagimmo.com\/en\/wp-json\/wp\/v2\/media\/5876722"}],"wp:attachment":[{"href":"https:\/\/bocagimmo.com\/en\/wp-json\/wp\/v2\/media?parent=5825225"}],"wp:term":[{"taxonomy":"product_cat","embeddable":true,"href":"https:\/\/bocagimmo.com\/en\/wp-json\/wp\/v2\/product_cat?post=5825225"},{"taxonomy":"product_tag","embeddable":true,"href":"https:\/\/bocagimmo.com\/en\/wp-json\/wp\/v2\/product_tag?post=5825225"},{"taxonomy":"secteur","embeddable":true,"href":"https:\/\/bocagimmo.com\/en\/wp-json\/wp\/v2\/secteur?post=5825225"},{"taxonomy":"transaction","embeddable":true,"href":"https:\/\/bocagimmo.com\/en\/wp-json\/wp\/v2\/transaction?post=5825225"},{"taxonomy":"ville","embeddable":true,"href":"https:\/\/bocagimmo.com\/en\/wp-json\/wp\/v2\/ville?post=5825225"}],"curies":[{"name":"wp","href":"https:\/\/api.w.org\/{rel}","templated":true}]}}