{"id":5829419,"date":"2026-01-31T09:38:00","date_gmt":"2026-01-31T08:38:00","guid":{"rendered":"https:\/\/bocagimmo.com\/bien\/non%20class\u00e9\/maison-local-commercial\/"},"modified":"2026-02-23T13:40:58","modified_gmt":"2026-02-23T12:40:58","slug":"maison-local-commercial","status":"publish","type":"product","link":"https:\/\/bocagimmo.com\/en\/bien\/vente-vendee-deux-sevres\/maison-local-commercial\/","title":{"rendered":"maison + local commercial"},"content":{"rendered":"<p>Maison + local commercial proche POUZAUGES<br \/>\nVotre agence immobili\u00e8re AIP POUZAUGES vous propose ce bel ensemble immobilier situ\u00e9 \u00e0 7 minutes de POUZAUGES, compos\u00e9 d&#8217;une maison de bourg et d&#8217;un petit local commercial :<br \/>\n&#8211; La maison offre sur 157m\u00b2 habitables: une entr\u00e9e, un salon, une salle \u00e0 manger avec chemin\u00e9e, une cuisine am\u00e9nag\u00e9e \u00e9quip\u00e9e, WC, une salle d&#8217;eau, une buanderie et WC. A l&#8217;\u00e9tage\u00a0: trois chambres (de 11 \u00e0 14m\u00b2), un bureau, une salle de bains et WC. En sous-sol\u00a0: une chaufferie et une cave.<br \/>\n&#8211; Le local commercial propose 41m\u00b2 et dispose de WC.<br \/>\nUne belle d\u00e9pendance de 28m\u00b2 (chauff\u00e9e), 2 garages dont un traversant, un pr\u00e9au et plusieurs greniers compl\u00e8tent cet  ensemble sur environ 860m\u00b2 de terrain. Terrasse et jardin clos,.<br \/>\nChauffage fuel condensation 2015, ouvertures pvc double vitrage, tout \u00e0 l\u2019\u00e9gout, services \u00e0 proximit\u00e9.<\/p>\n<p>Les informations sur les risques auxquels ce bien est expos\u00e9 sont disponibles sur le site G\u00e9orisques : www.georisques.gouv.fr<\/p>\n","protected":false},"excerpt":{"rendered":"<p>Maison + local commercial proche POUZAUGES<br \/>\nVotre agence immobili\u00e8re AIP POUZAUGES vous propose ce bel ensemble immobilier situ\u00e9 \u00e0 7 minutes de POUZAUGES, compos\u00e9 d&#8217;une maison de bourg et d&#8217;un petit local commercial :<br \/>\n&#8211; La maison offre sur 157m\u00b2 habitables: une entr\u00e9e, un salon, une salle \u00e0 manger avec chemin\u00e9e, une cuisine am\u00e9nag\u00e9e \u00e9quip\u00e9e, WC, une salle d&#8217;eau, une buanderie et WC. A l&#8217;\u00e9tage\u00a0: trois chambres (de 11 \u00e0 14m\u00b2), un bureau, une salle de bains et WC. En sous-sol\u00a0: une chaufferie et une cave.<br \/>\n&#8211; Le local commercial propose 41m\u00b2 et dispose de WC.<br \/>\nUne belle d\u00e9pendance de 28m\u00b2 (chauff\u00e9e), 2 garages dont un traversant, un pr\u00e9au et plusieurs greniers compl\u00e8tent cet  ensemble sur environ 860m\u00b2 de terrain. Terrasse et jardin clos,.<br \/>\nChauffage fuel condensation 2015, ouvertures pvc double vitrage, tout \u00e0 l\u2019\u00e9gout, services \u00e0 proximit\u00e9.<\/p>\n<p>Les informations sur les risques auxquels ce bien est expos\u00e9 sont disponibles sur le site G\u00e9orisques : www.georisques.gouv.fr<\/p>\n","protected":false},"featured_media":5876736,"template":"","meta":{"_acf_changed":false},"product_cat":[17],"product_tag":[29],"secteur":[84],"transaction":[],"ville":[187],"class_list":{"0":"post-5829419","1":"product","2":"type-product","3":"status-publish","4":"has-post-thumbnail","6":"product_cat-vente-vendee-deux-sevres","7":"product_tag-maison","8":"secteur-pouzauges","9":"ville-pouzauges","11":"first","12":"instock","13":"purchasable","14":"product-type-simple"},"acf":[],"_links":{"self":[{"href":"https:\/\/bocagimmo.com\/en\/wp-json\/wp\/v2\/product\/5829419","targetHints":{"allow":["GET"]}}],"collection":[{"href":"https:\/\/bocagimmo.com\/en\/wp-json\/wp\/v2\/product"}],"about":[{"href":"https:\/\/bocagimmo.com\/en\/wp-json\/wp\/v2\/types\/product"}],"wp:featuredmedia":[{"embeddable":true,"href":"https:\/\/bocagimmo.com\/en\/wp-json\/wp\/v2\/media\/5876736"}],"wp:attachment":[{"href":"https:\/\/bocagimmo.com\/en\/wp-json\/wp\/v2\/media?parent=5829419"}],"wp:term":[{"taxonomy":"product_cat","embeddable":true,"href":"https:\/\/bocagimmo.com\/en\/wp-json\/wp\/v2\/product_cat?post=5829419"},{"taxonomy":"product_tag","embeddable":true,"href":"https:\/\/bocagimmo.com\/en\/wp-json\/wp\/v2\/product_tag?post=5829419"},{"taxonomy":"secteur","embeddable":true,"href":"https:\/\/bocagimmo.com\/en\/wp-json\/wp\/v2\/secteur?post=5829419"},{"taxonomy":"transaction","embeddable":true,"href":"https:\/\/bocagimmo.com\/en\/wp-json\/wp\/v2\/transaction?post=5829419"},{"taxonomy":"ville","embeddable":true,"href":"https:\/\/bocagimmo.com\/en\/wp-json\/wp\/v2\/ville?post=5829419"}],"curies":[{"name":"wp","href":"https:\/\/api.w.org\/{rel}","templated":true}]}}