{"id":5840642,"date":"2026-02-05T09:45:00","date_gmt":"2026-02-05T08:45:00","guid":{"rendered":"https:\/\/bocagimmo.com\/bien\/non%20class\u00e9\/propriete-dexception-sur-435-hectares\/"},"modified":"2026-02-23T13:38:28","modified_gmt":"2026-02-23T12:38:28","slug":"propriete-dexception-sur-435-hectares","status":"publish","type":"product","link":"https:\/\/bocagimmo.com\/en\/bien\/vente-vendee-deux-sevres\/propriete-dexception-sur-435-hectares\/","title":{"rendered":"Propri\u00e9t\u00e9 d&#8217;exception sur 4,35 Hectares"},"content":{"rendered":"<p>*** D\u00e9sormais sous compromis ***<br \/>\nVotre agence immobili\u00e8re AIP POUZAUGES vous propose en EXCLUSIVITE :<br \/>\nCette belle propri\u00e9t\u00e9, id\u00e9alement situ\u00e9e en campagne, \u00e0 15 minutes du Puy du Fou;<br \/>\nLa maison, en pierre, comprend une entr\u00e9e, un salon avec po\u00eale \u00e0 bois, un grand s\u00e9jour, une cuisine am\u00e9nag\u00e9e, une chambre avec sa salle d\u2019eau privative, un bureau\/chambre, une buanderie et 2  WC. A l\u2019\u00e9tage : une chambre avec sa salle d\u2019eau, 2 chambres, une salle de bain et 2 WC.<br \/>\nLe s\u00e9jour s\u2019ouvre sur une belle terrasse offrant une jolie vue sur la propri\u00e9t\u00e9 et son jardin.<br \/>\nEn annexes : une petite maison, une \u00e9curie et son grenier, une d\u00e9pendance en pierre, am\u00e9nageable \u00e0 votre convenance, avec un pr\u00e9au adoss\u00e9, une petite grange, un four \u00e0 pain et une cave vo\u00fbt\u00e9e compl\u00e8tent l\u2019ensemble.<br \/>\nDes prairies, un verger, un bois, un puits pour un total de 43 500 m\u00b2.<br \/>\nL&#8217;assainissement autonome est conforme.<\/p>\n<p>Les informations sur les risques auxquels ce bien est expos\u00e9 sont disponibles sur le site g\u00e9orisques : www.georisques.gouv.fr<\/p>\n","protected":false},"excerpt":{"rendered":"<p>*** D\u00e9sormais sous compromis ***<br \/>\nVotre agence immobili\u00e8re AIP POUZAUGES vous propose en EXCLUSIVITE :<br \/>\nCette belle propri\u00e9t\u00e9, id\u00e9alement situ\u00e9e en campagne, \u00e0 15 minutes du Puy du Fou;<br \/>\nLa maison, en pierre, comprend une entr\u00e9e, un salon avec po\u00eale \u00e0 bois, un grand s\u00e9jour, une cuisine am\u00e9nag\u00e9e, une chambre avec sa salle d\u2019eau privative, un bureau\/chambre, une buanderie et 2  WC. A l\u2019\u00e9tage : une chambre avec sa salle d\u2019eau, 2 chambres, une salle de bain et 2 WC.<br \/>\nLe s\u00e9jour s\u2019ouvre sur une belle terrasse offrant une jolie vue sur la propri\u00e9t\u00e9 et son jardin.<br \/>\nEn annexes : une petite maison, une \u00e9curie et son grenier, une d\u00e9pendance en pierre, am\u00e9nageable \u00e0 votre convenance, avec un pr\u00e9au adoss\u00e9, une petite grange, un four \u00e0 pain et une cave vo\u00fbt\u00e9e compl\u00e8tent l\u2019ensemble.<br \/>\nDes prairies, un verger, un bois, un puits pour un total de 43 500 m\u00b2.<br \/>\nL&#8217;assainissement autonome est conforme.<\/p>\n<p>Les informations sur les risques auxquels ce bien est expos\u00e9 sont disponibles sur le site g\u00e9orisques : www.georisques.gouv.fr<\/p>\n","protected":false},"featured_media":5876516,"template":"","meta":{"_acf_changed":false},"product_cat":[17],"product_tag":[485],"secteur":[84],"transaction":[],"ville":[378],"class_list":{"0":"post-5840642","1":"product","2":"type-product","3":"status-publish","4":"has-post-thumbnail","6":"product_cat-vente-vendee-deux-sevres","7":"product_tag-propriete","8":"secteur-pouzauges","9":"ville-sevremont","11":"first","12":"instock","13":"purchasable","14":"product-type-simple"},"acf":[],"_links":{"self":[{"href":"https:\/\/bocagimmo.com\/en\/wp-json\/wp\/v2\/product\/5840642","targetHints":{"allow":["GET"]}}],"collection":[{"href":"https:\/\/bocagimmo.com\/en\/wp-json\/wp\/v2\/product"}],"about":[{"href":"https:\/\/bocagimmo.com\/en\/wp-json\/wp\/v2\/types\/product"}],"wp:featuredmedia":[{"embeddable":true,"href":"https:\/\/bocagimmo.com\/en\/wp-json\/wp\/v2\/media\/5876516"}],"wp:attachment":[{"href":"https:\/\/bocagimmo.com\/en\/wp-json\/wp\/v2\/media?parent=5840642"}],"wp:term":[{"taxonomy":"product_cat","embeddable":true,"href":"https:\/\/bocagimmo.com\/en\/wp-json\/wp\/v2\/product_cat?post=5840642"},{"taxonomy":"product_tag","embeddable":true,"href":"https:\/\/bocagimmo.com\/en\/wp-json\/wp\/v2\/product_tag?post=5840642"},{"taxonomy":"secteur","embeddable":true,"href":"https:\/\/bocagimmo.com\/en\/wp-json\/wp\/v2\/secteur?post=5840642"},{"taxonomy":"transaction","embeddable":true,"href":"https:\/\/bocagimmo.com\/en\/wp-json\/wp\/v2\/transaction?post=5840642"},{"taxonomy":"ville","embeddable":true,"href":"https:\/\/bocagimmo.com\/en\/wp-json\/wp\/v2\/ville?post=5840642"}],"curies":[{"name":"wp","href":"https:\/\/api.w.org\/{rel}","templated":true}]}}