{"id":5843756,"date":"2026-02-06T06:34:00","date_gmt":"2026-02-06T05:34:00","guid":{"rendered":"https:\/\/bocagimmo.com\/bien\/non%20class\u00e9\/plain-pied-2024\/"},"modified":"2026-02-23T13:38:54","modified_gmt":"2026-02-23T12:38:54","slug":"plain-pied-2024","status":"publish","type":"product","link":"https:\/\/bocagimmo.com\/en\/bien\/vente-vendee-deux-sevres\/plain-pied-2024\/","title":{"rendered":"Plain-pied 2024"},"content":{"rendered":"<p>PLAIN-PIED 2024 \u00e0 6 min. de POUZAUGES<br \/>\nVotre agence immobili\u00e8re AIP POUZAUGES vous propose :<br \/>\nCe pavillon \u00e9difi\u00e9 en 2024, offrant de plain-pied une belle pi\u00e8ce de vie lumineuse avec coin cuisine am\u00e9nag\u00e9e, 2 chambres, une salle d&#8217;eau, WC et un cellier. Ouvertures pvc double vitrage, volets roulants \u00e9lectriques, chauffage pompe \u00e0 chaleur, excellente isolation thermique ! Terrain partiellement cl\u00f4tur\u00e9 d&#8217;environ 560m\u00b2.<\/p>\n<p>Les informations sur les risques auxquels ce bien est expos\u00e9 sont disponibles sur le site www.georisques.gouv.fr<\/p>\n","protected":false},"excerpt":{"rendered":"<p>PLAIN-PIED 2024 \u00e0 6 min. de POUZAUGES<br \/>\nVotre agence immobili\u00e8re AIP POUZAUGES vous propose :<br \/>\nCe pavillon \u00e9difi\u00e9 en 2024, offrant de plain-pied une belle pi\u00e8ce de vie lumineuse avec coin cuisine am\u00e9nag\u00e9e, 2 chambres, une salle d&#8217;eau, WC et un cellier. Ouvertures pvc double vitrage, volets roulants \u00e9lectriques, chauffage pompe \u00e0 chaleur, excellente isolation thermique ! Terrain partiellement cl\u00f4tur\u00e9 d&#8217;environ 560m\u00b2.<\/p>\n<p>Les informations sur les risques auxquels ce bien est expos\u00e9 sont disponibles sur le site www.georisques.gouv.fr<\/p>\n","protected":false},"featured_media":5876555,"template":"","meta":{"_acf_changed":false},"product_cat":[17],"product_tag":[29],"secteur":[84],"transaction":[],"ville":[187],"class_list":{"0":"post-5843756","1":"product","2":"type-product","3":"status-publish","4":"has-post-thumbnail","6":"product_cat-vente-vendee-deux-sevres","7":"product_tag-maison","8":"secteur-pouzauges","9":"ville-pouzauges","11":"first","12":"instock","13":"purchasable","14":"product-type-simple"},"acf":[],"_links":{"self":[{"href":"https:\/\/bocagimmo.com\/en\/wp-json\/wp\/v2\/product\/5843756","targetHints":{"allow":["GET"]}}],"collection":[{"href":"https:\/\/bocagimmo.com\/en\/wp-json\/wp\/v2\/product"}],"about":[{"href":"https:\/\/bocagimmo.com\/en\/wp-json\/wp\/v2\/types\/product"}],"wp:featuredmedia":[{"embeddable":true,"href":"https:\/\/bocagimmo.com\/en\/wp-json\/wp\/v2\/media\/5876555"}],"wp:attachment":[{"href":"https:\/\/bocagimmo.com\/en\/wp-json\/wp\/v2\/media?parent=5843756"}],"wp:term":[{"taxonomy":"product_cat","embeddable":true,"href":"https:\/\/bocagimmo.com\/en\/wp-json\/wp\/v2\/product_cat?post=5843756"},{"taxonomy":"product_tag","embeddable":true,"href":"https:\/\/bocagimmo.com\/en\/wp-json\/wp\/v2\/product_tag?post=5843756"},{"taxonomy":"secteur","embeddable":true,"href":"https:\/\/bocagimmo.com\/en\/wp-json\/wp\/v2\/secteur?post=5843756"},{"taxonomy":"transaction","embeddable":true,"href":"https:\/\/bocagimmo.com\/en\/wp-json\/wp\/v2\/transaction?post=5843756"},{"taxonomy":"ville","embeddable":true,"href":"https:\/\/bocagimmo.com\/en\/wp-json\/wp\/v2\/ville?post=5843756"}],"curies":[{"name":"wp","href":"https:\/\/api.w.org\/{rel}","templated":true}]}}