{"id":5843958,"date":"2026-02-07T09:19:00","date_gmt":"2026-02-07T08:19:00","guid":{"rendered":"https:\/\/bocagimmo.com\/bien\/non%20class\u00e9\/opportunite-investisseurs-ensemble-de-2-appartements-meubles\/"},"modified":"2026-02-23T13:41:06","modified_gmt":"2026-02-23T12:41:06","slug":"opportunite-investisseurs-ensemble-de-2-appartements-meubles","status":"publish","type":"product","link":"https:\/\/bocagimmo.com\/en\/bien\/vente-vendee-deux-sevres\/opportunite-investisseurs-ensemble-de-2-appartements-meubles\/","title":{"rendered":"OPPORTUNIT\u00c9 INVESTISSEURS &#8211; ENSEMBLE DE 2 APPARTEMENTS MEUBL\u00c9S"},"content":{"rendered":"<p>Votre agence immobili\u00e8re AIP POUZAUGES vous propose en EXCLUSIVITE :<br \/>\nId\u00e9alement situ\u00e9 dans Pouzauges \u00e0 proximit\u00e9 imm\u00e9diate de toutes les commodit\u00e9s, d\u00e9couvrez cet ensemble de 2 appartements meubl\u00e9s, r\u00e9nov\u00e9s en 2017, offrant une rentabilit\u00e9 imm\u00e9diate.<br \/>\nAppartement 1 : env. 28 m\u00b2<br \/>\nFonctionnel, il se compose d\u2019une pi\u00e8ce de vie lumineuse avec cuisine ouverte, d\u2019un espace nuit en mezzanine, d\u2019une salle d\u2019eau moderne avec douche \u00e0 l\u2019italienne,  WC et d\u2019une cave.<br \/>\nAppartement 2 : env. 34 m\u00b2<br \/>\nConfiguration identique, avec une pi\u00e8ce de vie \/ cuisine, un espace nuit en mezzanine, une salle d\u2019eau avec douche \u00e0 l\u2019italienne, WC et une cave.<br \/>\nUn l\u00e9ger rafra\u00eechissement permettra de le personnaliser et d\u2019optimiser sa valeur.<br \/>\nPrestations : chauffage \u00e9lectrique, menuiseries aluminium double vitrage<\/p>\n<p>Id\u00e9al investisseurs \u00e0 la recherche d\u2019un placement cl\u00e9 en main, dans un secteur recherch\u00e9.<\/p>\n<p>Les informations sur les risques auxquels ce bien est expos\u00e9 sont disponibles sur le site g\u00e9orisques : www.georisques.gouv.fr<\/p>\n","protected":false},"excerpt":{"rendered":"<p>Votre agence immobili\u00e8re AIP POUZAUGES vous propose en EXCLUSIVITE :<br \/>\nId\u00e9alement situ\u00e9 dans Pouzauges \u00e0 proximit\u00e9 imm\u00e9diate de toutes les commodit\u00e9s, d\u00e9couvrez cet ensemble de 2 appartements meubl\u00e9s, r\u00e9nov\u00e9s en 2017, offrant une rentabilit\u00e9 imm\u00e9diate.<br \/>\nAppartement 1 : env. 28 m\u00b2<br \/>\nFonctionnel, il se compose d\u2019une pi\u00e8ce de vie lumineuse avec cuisine ouverte, d\u2019un espace nuit en mezzanine, d\u2019une salle d\u2019eau moderne avec douche \u00e0 l\u2019italienne,  WC et d\u2019une cave.<br \/>\nAppartement 2 : env. 34 m\u00b2<br \/>\nConfiguration identique, avec une pi\u00e8ce de vie \/ cuisine, un espace nuit en mezzanine, une salle d\u2019eau avec douche \u00e0 l\u2019italienne, WC et une cave.<br \/>\nUn l\u00e9ger rafra\u00eechissement permettra de le personnaliser et d\u2019optimiser sa valeur.<br \/>\nPrestations : chauffage \u00e9lectrique, menuiseries aluminium double vitrage<\/p>\n<p>Id\u00e9al investisseurs \u00e0 la recherche d\u2019un placement cl\u00e9 en main, dans un secteur recherch\u00e9.<\/p>\n<p>Les informations sur les risques auxquels ce bien est expos\u00e9 sont disponibles sur le site g\u00e9orisques : www.georisques.gouv.fr<\/p>\n","protected":false},"featured_media":5876749,"template":"","meta":{"_acf_changed":false},"product_cat":[17],"product_tag":[50],"secteur":[84],"transaction":[],"ville":[187],"class_list":{"0":"post-5843958","1":"product","2":"type-product","3":"status-publish","4":"has-post-thumbnail","6":"product_cat-vente-vendee-deux-sevres","7":"product_tag-appartement","8":"secteur-pouzauges","9":"ville-pouzauges","11":"first","12":"instock","13":"purchasable","14":"product-type-simple"},"acf":[],"_links":{"self":[{"href":"https:\/\/bocagimmo.com\/en\/wp-json\/wp\/v2\/product\/5843958","targetHints":{"allow":["GET"]}}],"collection":[{"href":"https:\/\/bocagimmo.com\/en\/wp-json\/wp\/v2\/product"}],"about":[{"href":"https:\/\/bocagimmo.com\/en\/wp-json\/wp\/v2\/types\/product"}],"wp:featuredmedia":[{"embeddable":true,"href":"https:\/\/bocagimmo.com\/en\/wp-json\/wp\/v2\/media\/5876749"}],"wp:attachment":[{"href":"https:\/\/bocagimmo.com\/en\/wp-json\/wp\/v2\/media?parent=5843958"}],"wp:term":[{"taxonomy":"product_cat","embeddable":true,"href":"https:\/\/bocagimmo.com\/en\/wp-json\/wp\/v2\/product_cat?post=5843958"},{"taxonomy":"product_tag","embeddable":true,"href":"https:\/\/bocagimmo.com\/en\/wp-json\/wp\/v2\/product_tag?post=5843958"},{"taxonomy":"secteur","embeddable":true,"href":"https:\/\/bocagimmo.com\/en\/wp-json\/wp\/v2\/secteur?post=5843958"},{"taxonomy":"transaction","embeddable":true,"href":"https:\/\/bocagimmo.com\/en\/wp-json\/wp\/v2\/transaction?post=5843958"},{"taxonomy":"ville","embeddable":true,"href":"https:\/\/bocagimmo.com\/en\/wp-json\/wp\/v2\/ville?post=5843958"}],"curies":[{"name":"wp","href":"https:\/\/api.w.org\/{rel}","templated":true}]}}