{"id":5849613,"date":"2026-02-12T11:01:00","date_gmt":"2026-02-12T10:01:00","guid":{"rendered":"https:\/\/bocagimmo.com\/bien\/non%20class\u00e9\/5849613\/"},"modified":"2026-02-23T13:09:48","modified_gmt":"2026-02-23T12:09:48","slug":"5849613","status":"publish","type":"product","link":"https:\/\/bocagimmo.com\/en\/bien\/vente-vendee-deux-sevres\/5849613\/","title":{"rendered":""},"content":{"rendered":"<p>HABITATION OU COMMERCE.<br \/>\n Votre agence immobili\u00e8re AIP La Ch\u00e2taigneraie vous propose :<br \/>\nCette maison sur une parcelle d&#8217;environ 110m\u00b2 en plein c\u0153ur du centre-ville.<br \/>\nAvec 125m\u00b2 habitables, la b\u00e2tisse comprend au RDC 2 grands espaces de 39m\u00b2 et 19,30m\u00b2 donnant acc\u00e8s \u00e0 une cour c\u00f4t\u00e9 Ouest. Au 1er \u00e9tage : sanitaires et 2 pi\u00e8ces de 16,80m\u00b2 et 11m\u00b2. Au 2\u00e8me \u00e9tage : grenier am\u00e9nag\u00e9 de 32m\u00b2.<br \/>\nToiture tuile en bon \u00e9tat. Ouvertures PVC double vitrage (r\u00e9centes). Volets roulants manuels (r\u00e9cents). Chauffage pompe \u00e0 chaleur et \u00e9lectrique. Tout \u00e0 l&#8217;\u00e9gout. Courette.<br \/>\nLes informations sur les risques auxquels ce bien est expos\u00e9 sont disponibles sur le site G\u00e9orisques : www.georisques.gouv.fr<\/p>\n","protected":false},"excerpt":{"rendered":"<p>HABITATION OU COMMERCE.<br \/>\n Votre agence immobili\u00e8re AIP La Ch\u00e2taigneraie vous propose :<br \/>\nCette maison sur une parcelle d&#8217;environ 110m\u00b2 en plein c\u0153ur du centre-ville.<br \/>\nAvec 125m\u00b2 habitables, la b\u00e2tisse comprend au RDC 2 grands espaces de 39m\u00b2 et 19,30m\u00b2 donnant acc\u00e8s \u00e0 une cour c\u00f4t\u00e9 Ouest. Au 1er \u00e9tage : sanitaires et 2 pi\u00e8ces de 16,80m\u00b2 et 11m\u00b2. Au 2\u00e8me \u00e9tage : grenier am\u00e9nag\u00e9 de 32m\u00b2.<br \/>\nToiture tuile en bon \u00e9tat. Ouvertures PVC double vitrage (r\u00e9centes). Volets roulants manuels (r\u00e9cents). Chauffage pompe \u00e0 chaleur et \u00e9lectrique. Tout \u00e0 l&#8217;\u00e9gout. Courette.<br \/>\nLes informations sur les risques auxquels ce bien est expos\u00e9 sont disponibles sur le site G\u00e9orisques : www.georisques.gouv.fr<\/p>\n","protected":false},"featured_media":5876365,"template":"","meta":{"_acf_changed":false},"product_cat":[17],"product_tag":[29],"secteur":[86],"transaction":[],"ville":[157],"class_list":{"0":"post-5849613","1":"product","2":"type-product","3":"status-publish","4":"has-post-thumbnail","6":"product_cat-vente-vendee-deux-sevres","7":"product_tag-maison","8":"secteur-la-chataigneraie","9":"ville-la-chataigneraie","11":"first","12":"instock","13":"purchasable","14":"product-type-simple"},"acf":[],"_links":{"self":[{"href":"https:\/\/bocagimmo.com\/en\/wp-json\/wp\/v2\/product\/5849613","targetHints":{"allow":["GET"]}}],"collection":[{"href":"https:\/\/bocagimmo.com\/en\/wp-json\/wp\/v2\/product"}],"about":[{"href":"https:\/\/bocagimmo.com\/en\/wp-json\/wp\/v2\/types\/product"}],"wp:featuredmedia":[{"embeddable":true,"href":"https:\/\/bocagimmo.com\/en\/wp-json\/wp\/v2\/media\/5876365"}],"wp:attachment":[{"href":"https:\/\/bocagimmo.com\/en\/wp-json\/wp\/v2\/media?parent=5849613"}],"wp:term":[{"taxonomy":"product_cat","embeddable":true,"href":"https:\/\/bocagimmo.com\/en\/wp-json\/wp\/v2\/product_cat?post=5849613"},{"taxonomy":"product_tag","embeddable":true,"href":"https:\/\/bocagimmo.com\/en\/wp-json\/wp\/v2\/product_tag?post=5849613"},{"taxonomy":"secteur","embeddable":true,"href":"https:\/\/bocagimmo.com\/en\/wp-json\/wp\/v2\/secteur?post=5849613"},{"taxonomy":"transaction","embeddable":true,"href":"https:\/\/bocagimmo.com\/en\/wp-json\/wp\/v2\/transaction?post=5849613"},{"taxonomy":"ville","embeddable":true,"href":"https:\/\/bocagimmo.com\/en\/wp-json\/wp\/v2\/ville?post=5849613"}],"curies":[{"name":"wp","href":"https:\/\/api.w.org\/{rel}","templated":true}]}}