{"id":5853042,"date":"2026-02-11T10:52:00","date_gmt":"2026-02-11T09:52:00","guid":{"rendered":"https:\/\/bocagimmo.com\/bien\/non%20class\u00e9\/beaux-volumes-2\/"},"modified":"2026-02-23T13:41:24","modified_gmt":"2026-02-23T12:41:24","slug":"beaux-volumes-2","status":"publish","type":"product","link":"https:\/\/bocagimmo.com\/en\/bien\/vente-vendee-deux-sevres\/beaux-volumes-2\/","title":{"rendered":"Beaux volumes!"},"content":{"rendered":"<p>Axe POUZAUGES\/CERIZAY<br \/>\nVotre agence immobili\u00e8re AIP POUZAUGES vous propose cette grande maison situ\u00e9e \u00e0 quelques minutes de POUZAUGES. Sur pr\u00e8s de 170m\u00b2 habitables, elle vous offre une entr\u00e9e, un s\u00e9jour lumineux avec chemin\u00e9e insert, une cuisine am\u00e9nag\u00e9e ouvrant sur une v\u00e9randa, 2 chambres, une salle d&#8217;eau et WC. En rez-de-jardin : une pi\u00e8ce avec coin cuisine, une chambre, une salle d&#8217;eau et WC (Cette partie ind\u00e9pendante sera  id\u00e9ale pour l&#8217;accueil de vos h\u00f4tes ou une activit\u00e9 professionnelle!) ainsi qu&#8217;une salle de jeux (25m\u00b2), une pi\u00e8ce (quatri\u00e8me chambre) et un d\u00e9barras. Un grand garage ind\u00e9pendant (86m\u00b2, acc\u00e8s camping-car), un serre-bois compl\u00e8tent cet ensemble sur un terrain clos de 680m\u00b2. Nombreux travaux r\u00e9cents : ouvertures pvc double vitrage, volets neufs, toiture neuve&#8230; Proximit\u00e9 des services, \u00e0 visiter sans tarder !!<br \/>\nLes informations sur les risques auxquels ce bien est expos\u00e9 sont disponibles sur le site www.georisques.gouv.fr<\/p>\n","protected":false},"excerpt":{"rendered":"<p>Axe POUZAUGES\/CERIZAY<br \/>\nVotre agence immobili\u00e8re AIP POUZAUGES vous propose cette grande maison situ\u00e9e \u00e0 quelques minutes de POUZAUGES. Sur pr\u00e8s de 170m\u00b2 habitables, elle vous offre une entr\u00e9e, un s\u00e9jour lumineux avec chemin\u00e9e insert, une cuisine am\u00e9nag\u00e9e ouvrant sur une v\u00e9randa, 2 chambres, une salle d&#8217;eau et WC. En rez-de-jardin : une pi\u00e8ce avec coin cuisine, une chambre, une salle d&#8217;eau et WC (Cette partie ind\u00e9pendante sera  id\u00e9ale pour l&#8217;accueil de vos h\u00f4tes ou une activit\u00e9 professionnelle!) ainsi qu&#8217;une salle de jeux (25m\u00b2), une pi\u00e8ce (quatri\u00e8me chambre) et un d\u00e9barras. Un grand garage ind\u00e9pendant (86m\u00b2, acc\u00e8s camping-car), un serre-bois compl\u00e8tent cet ensemble sur un terrain clos de 680m\u00b2. Nombreux travaux r\u00e9cents : ouvertures pvc double vitrage, volets neufs, toiture neuve&#8230; Proximit\u00e9 des services, \u00e0 visiter sans tarder !!<br \/>\nLes informations sur les risques auxquels ce bien est expos\u00e9 sont disponibles sur le site www.georisques.gouv.fr<\/p>\n","protected":false},"featured_media":5876771,"template":"","meta":{"_acf_changed":false},"product_cat":[17],"product_tag":[29],"secteur":[84],"transaction":[],"ville":[534],"class_list":{"0":"post-5853042","1":"product","2":"type-product","3":"status-publish","4":"has-post-thumbnail","6":"product_cat-vente-vendee-deux-sevres","7":"product_tag-maison","8":"secteur-pouzauges","9":"ville-saint-mesmin","11":"first","12":"instock","13":"purchasable","14":"product-type-simple"},"acf":[],"_links":{"self":[{"href":"https:\/\/bocagimmo.com\/en\/wp-json\/wp\/v2\/product\/5853042","targetHints":{"allow":["GET"]}}],"collection":[{"href":"https:\/\/bocagimmo.com\/en\/wp-json\/wp\/v2\/product"}],"about":[{"href":"https:\/\/bocagimmo.com\/en\/wp-json\/wp\/v2\/types\/product"}],"wp:featuredmedia":[{"embeddable":true,"href":"https:\/\/bocagimmo.com\/en\/wp-json\/wp\/v2\/media\/5876771"}],"wp:attachment":[{"href":"https:\/\/bocagimmo.com\/en\/wp-json\/wp\/v2\/media?parent=5853042"}],"wp:term":[{"taxonomy":"product_cat","embeddable":true,"href":"https:\/\/bocagimmo.com\/en\/wp-json\/wp\/v2\/product_cat?post=5853042"},{"taxonomy":"product_tag","embeddable":true,"href":"https:\/\/bocagimmo.com\/en\/wp-json\/wp\/v2\/product_tag?post=5853042"},{"taxonomy":"secteur","embeddable":true,"href":"https:\/\/bocagimmo.com\/en\/wp-json\/wp\/v2\/secteur?post=5853042"},{"taxonomy":"transaction","embeddable":true,"href":"https:\/\/bocagimmo.com\/en\/wp-json\/wp\/v2\/transaction?post=5853042"},{"taxonomy":"ville","embeddable":true,"href":"https:\/\/bocagimmo.com\/en\/wp-json\/wp\/v2\/ville?post=5853042"}],"curies":[{"name":"wp","href":"https:\/\/api.w.org\/{rel}","templated":true}]}}