{"id":5854034,"date":"2026-02-12T09:33:00","date_gmt":"2026-02-12T08:33:00","guid":{"rendered":"https:\/\/bocagimmo.com\/bien\/non%20class\u00e9\/propriete-six-chambres-370-m%c2%b2\/"},"modified":"2026-02-23T13:41:13","modified_gmt":"2026-02-23T12:41:13","slug":"propriete-six-chambres-370-m%c2%b2","status":"publish","type":"product","link":"https:\/\/bocagimmo.com\/en\/bien\/vente-vendee-deux-sevres\/propriete-six-chambres-370-m%c2%b2\/","title":{"rendered":"PROPRIETE SIX CHAMBRES 370 M\u00b2"},"content":{"rendered":"<p>Votre agence immobili\u00e8re AIP POUZAUGES vous propose :<br \/>\nCette propri\u00e9t\u00e9 situ\u00e9e \u00e0 20 mn du Puy du Fou, dans un environnement calme et verdoyant sur un terrain de 4 000 m\u00b2. Cadre de vie id\u00e9al pour une grande famille, ou pour une activit\u00e9 d\u2019h\u00e9bergement touristique (g\u00eete, maison de vacances, location saisonni\u00e8re).<br \/>\nLa maison comprend une vaste pi\u00e8ce de vie lumineuse avec cuisine \u00e9quip\u00e9e et fonctionnelle. Le salon \/ s\u00e9jour, chaleureux et convivial, avec un po\u00eale \u00e0 bois et s\u2019ouvre sur le patio.<br \/>\nLa partie nuit se compose de 6 chambres dont une suite parentale avec salle d\u2019eau privative, 2 salles d\u2019eau, une salle de bains et un espace bien-\u00eatre.<br \/>\nEn sous-sol,  de grands espaces permettant l\u2019accueil de groupes ainsi qu\u2019une belle cave vo\u00fbt\u00e9e et une chaufferie.<br \/>\n\u00c0 l\u2019ext\u00e9rieur, la terrasse offre un v\u00e9ritable espace de vie \u00e0 part enti\u00e8re et permet l\u2019acc\u00e8s \u00e0 une piscine Int\u00e9rieure, id\u00e9ale pour les moments de d\u00e9tente en famille et tr\u00e8s appr\u00e9ci\u00e9e en location saisonni\u00e8re.<br \/>\nLes d\u00e9pendances compl\u00e8tent le tout : un garage, un hangar, un atelier, un jardin sans vis-\u00e0-vis.<br \/>\nQue ce soit pour cr\u00e9er votre lieu de vie familial ou d\u00e9velopper un projet touristique, quelques travaux d\u2019am\u00e9lioration seront n\u00e9cessaires pour rendre cette propri\u00e9t\u00e9 unique et attractive.<\/p>\n<p>Les informations sur les risques auxquels ce bien est expos\u00e9 sont disponibles sur le site g\u00e9orisques : www.georisques.gouv.fr<\/p>\n","protected":false},"excerpt":{"rendered":"<p>Votre agence immobili\u00e8re AIP POUZAUGES vous propose :<br \/>\nCette propri\u00e9t\u00e9 situ\u00e9e \u00e0 20 mn du Puy du Fou, dans un environnement calme et verdoyant sur un terrain de 4 000 m\u00b2. Cadre de vie id\u00e9al pour une grande famille, ou pour une activit\u00e9 d\u2019h\u00e9bergement touristique (g\u00eete, maison de vacances, location saisonni\u00e8re).<br \/>\nLa maison comprend une vaste pi\u00e8ce de vie lumineuse avec cuisine \u00e9quip\u00e9e et fonctionnelle. Le salon \/ s\u00e9jour, chaleureux et convivial, avec un po\u00eale \u00e0 bois et s\u2019ouvre sur le patio.<br \/>\nLa partie nuit se compose de 6 chambres dont une suite parentale avec salle d\u2019eau privative, 2 salles d\u2019eau, une salle de bains et un espace bien-\u00eatre.<br \/>\nEn sous-sol,  de grands espaces permettant l\u2019accueil de groupes ainsi qu\u2019une belle cave vo\u00fbt\u00e9e et une chaufferie.<br \/>\n\u00c0 l\u2019ext\u00e9rieur, la terrasse offre un v\u00e9ritable espace de vie \u00e0 part enti\u00e8re et permet l\u2019acc\u00e8s \u00e0 une piscine Int\u00e9rieure, id\u00e9ale pour les moments de d\u00e9tente en famille et tr\u00e8s appr\u00e9ci\u00e9e en location saisonni\u00e8re.<br \/>\nLes d\u00e9pendances compl\u00e8tent le tout : un garage, un hangar, un atelier, un jardin sans vis-\u00e0-vis.<br \/>\nQue ce soit pour cr\u00e9er votre lieu de vie familial ou d\u00e9velopper un projet touristique, quelques travaux d\u2019am\u00e9lioration seront n\u00e9cessaires pour rendre cette propri\u00e9t\u00e9 unique et attractive.<\/p>\n<p>Les informations sur les risques auxquels ce bien est expos\u00e9 sont disponibles sur le site g\u00e9orisques : www.georisques.gouv.fr<\/p>\n","protected":false},"featured_media":5876758,"template":"","meta":{"_acf_changed":false},"product_cat":[17],"product_tag":[485],"secteur":[84],"transaction":[],"ville":[378],"class_list":{"0":"post-5854034","1":"product","2":"type-product","3":"status-publish","4":"has-post-thumbnail","6":"product_cat-vente-vendee-deux-sevres","7":"product_tag-propriete","8":"secteur-pouzauges","9":"ville-sevremont","11":"first","12":"instock","13":"purchasable","14":"product-type-simple"},"acf":[],"_links":{"self":[{"href":"https:\/\/bocagimmo.com\/en\/wp-json\/wp\/v2\/product\/5854034","targetHints":{"allow":["GET"]}}],"collection":[{"href":"https:\/\/bocagimmo.com\/en\/wp-json\/wp\/v2\/product"}],"about":[{"href":"https:\/\/bocagimmo.com\/en\/wp-json\/wp\/v2\/types\/product"}],"wp:featuredmedia":[{"embeddable":true,"href":"https:\/\/bocagimmo.com\/en\/wp-json\/wp\/v2\/media\/5876758"}],"wp:attachment":[{"href":"https:\/\/bocagimmo.com\/en\/wp-json\/wp\/v2\/media?parent=5854034"}],"wp:term":[{"taxonomy":"product_cat","embeddable":true,"href":"https:\/\/bocagimmo.com\/en\/wp-json\/wp\/v2\/product_cat?post=5854034"},{"taxonomy":"product_tag","embeddable":true,"href":"https:\/\/bocagimmo.com\/en\/wp-json\/wp\/v2\/product_tag?post=5854034"},{"taxonomy":"secteur","embeddable":true,"href":"https:\/\/bocagimmo.com\/en\/wp-json\/wp\/v2\/secteur?post=5854034"},{"taxonomy":"transaction","embeddable":true,"href":"https:\/\/bocagimmo.com\/en\/wp-json\/wp\/v2\/transaction?post=5854034"},{"taxonomy":"ville","embeddable":true,"href":"https:\/\/bocagimmo.com\/en\/wp-json\/wp\/v2\/ville?post=5854034"}],"curies":[{"name":"wp","href":"https:\/\/api.w.org\/{rel}","templated":true}]}}