{"id":5854043,"date":"2026-02-13T10:03:00","date_gmt":"2026-02-13T09:03:00","guid":{"rendered":"https:\/\/bocagimmo.com\/bien\/non%20class\u00e9\/plain-pied-sevremont-2\/"},"modified":"2026-02-23T13:41:19","modified_gmt":"2026-02-23T12:41:19","slug":"plain-pied-sevremont","status":"publish","type":"product","link":"https:\/\/bocagimmo.com\/en\/bien\/vente-vendee-deux-sevres\/plain-pied-sevremont\/","title":{"rendered":"PLAIN PIED SEVREMONT"},"content":{"rendered":"<p>Votre agence immobili\u00e8re AIP POUZAUGES vous propose en exclusivit\u00e9 :<br \/>\nCe joli plain-pied construit en 2006, id\u00e9alement situ\u00e9 \u00e0 proximit\u00e9 des commerces et des \u00e9coles, d\u2019une surface d\u2019environ 105 m\u00b2 habitables.<br \/>\nD\u00e8s l\u2019entr\u00e9e, vous d\u00e9couvrirez une spacieuse pi\u00e8ce de vie lumineuse comprenant un salon (17m\u00b2), un s\u00e9jour (32m\u00b2) et une cuisine am\u00e9nag\u00e9e (8m\u00b2).<br \/>\nL\u2019espace nuit se compose de 3 chambres, d\u2019une salle de bains avec douche \u00e0 l\u2019italienne et de WC ind\u00e9pendants.<br \/>\nUne arri\u00e8re-cuisine ainsi qu\u2019un garage viennent compl\u00e9ter l\u2019ensemble.<br \/>\nLa cuisine s\u2019ouvre sur une agr\u00e9able terrasse, le tout sur un terrain de plus de 900 m\u00b2.<br \/>\nChauffage au sol avec pompe \u00e0 chaleur et menuiseries PVC double vitrage.<\/p>\n<p>Les informations sur les risques auxquels ce bien est expos\u00e9 sont disponibles sur le site g\u00e9orisques : www.georisques.gouv.fr<\/p>\n","protected":false},"excerpt":{"rendered":"<p>Votre agence immobili\u00e8re AIP POUZAUGES vous propose en exclusivit\u00e9 :<br \/>\nCe joli plain-pied construit en 2006, id\u00e9alement situ\u00e9 \u00e0 proximit\u00e9 des commerces et des \u00e9coles, d\u2019une surface d\u2019environ 105 m\u00b2 habitables.<br \/>\nD\u00e8s l\u2019entr\u00e9e, vous d\u00e9couvrirez une spacieuse pi\u00e8ce de vie lumineuse comprenant un salon (17m\u00b2), un s\u00e9jour (32m\u00b2) et une cuisine am\u00e9nag\u00e9e (8m\u00b2).<br \/>\nL\u2019espace nuit se compose de 3 chambres, d\u2019une salle de bains avec douche \u00e0 l\u2019italienne et de WC ind\u00e9pendants.<br \/>\nUne arri\u00e8re-cuisine ainsi qu\u2019un garage viennent compl\u00e9ter l\u2019ensemble.<br \/>\nLa cuisine s\u2019ouvre sur une agr\u00e9able terrasse, le tout sur un terrain de plus de 900 m\u00b2.<br \/>\nChauffage au sol avec pompe \u00e0 chaleur et menuiseries PVC double vitrage.<\/p>\n<p>Les informations sur les risques auxquels ce bien est expos\u00e9 sont disponibles sur le site g\u00e9orisques : www.georisques.gouv.fr<\/p>\n","protected":false},"featured_media":5876766,"template":"","meta":{"_acf_changed":false},"product_cat":[17],"product_tag":[29],"secteur":[84],"transaction":[],"ville":[378],"class_list":{"0":"post-5854043","1":"product","2":"type-product","3":"status-publish","4":"has-post-thumbnail","6":"product_cat-vente-vendee-deux-sevres","7":"product_tag-maison","8":"secteur-pouzauges","9":"ville-sevremont","11":"first","12":"instock","13":"purchasable","14":"product-type-simple"},"acf":[],"_links":{"self":[{"href":"https:\/\/bocagimmo.com\/en\/wp-json\/wp\/v2\/product\/5854043","targetHints":{"allow":["GET"]}}],"collection":[{"href":"https:\/\/bocagimmo.com\/en\/wp-json\/wp\/v2\/product"}],"about":[{"href":"https:\/\/bocagimmo.com\/en\/wp-json\/wp\/v2\/types\/product"}],"wp:featuredmedia":[{"embeddable":true,"href":"https:\/\/bocagimmo.com\/en\/wp-json\/wp\/v2\/media\/5876766"}],"wp:attachment":[{"href":"https:\/\/bocagimmo.com\/en\/wp-json\/wp\/v2\/media?parent=5854043"}],"wp:term":[{"taxonomy":"product_cat","embeddable":true,"href":"https:\/\/bocagimmo.com\/en\/wp-json\/wp\/v2\/product_cat?post=5854043"},{"taxonomy":"product_tag","embeddable":true,"href":"https:\/\/bocagimmo.com\/en\/wp-json\/wp\/v2\/product_tag?post=5854043"},{"taxonomy":"secteur","embeddable":true,"href":"https:\/\/bocagimmo.com\/en\/wp-json\/wp\/v2\/secteur?post=5854043"},{"taxonomy":"transaction","embeddable":true,"href":"https:\/\/bocagimmo.com\/en\/wp-json\/wp\/v2\/transaction?post=5854043"},{"taxonomy":"ville","embeddable":true,"href":"https:\/\/bocagimmo.com\/en\/wp-json\/wp\/v2\/ville?post=5854043"}],"curies":[{"name":"wp","href":"https:\/\/api.w.org\/{rel}","templated":true}]}}