{"id":5857060,"date":"2026-02-13T11:32:00","date_gmt":"2026-02-13T10:32:00","guid":{"rendered":"https:\/\/bocagimmo.com\/bien\/non%20class\u00e9\/maison-5-chambres-dependances\/"},"modified":"2026-02-23T13:41:34","modified_gmt":"2026-02-23T12:41:34","slug":"maison-5-chambres-dependances","status":"publish","type":"product","link":"https:\/\/bocagimmo.com\/en\/bien\/vente-vendee-deux-sevres\/maison-5-chambres-dependances\/","title":{"rendered":"Maison 5 chambres + d\u00e9pendances"},"content":{"rendered":"<p>Corps de ferme sur 1,4ha<br \/>\nVotre agence immobili\u00e8re AIP POUZAUGES vous propose :<br \/>\nCette grande maison de campagne \u00e0 r\u00e9nover avec de belles d\u00e9pendances situ\u00e9e entre Pouzauges, la Ch\u00e2taigneraie et Chantonnay,<br \/>\nSur 168 m\u00b2 habitables, la maison offre de plain-pied : une salle \u00e0 manger\/cuisine, un salon avec chemin\u00e9e, 5 chambres, une salle d\u2019eau, WC, une lingerie et une chaufferie (chaudi\u00e8re fuel\/bois). A l\u2019\u00e9tage : 2 beaux greniers am\u00e9nageables (80 et 108m\u00b2).<br \/>\nDu c\u00f4t\u00e9 des d\u00e9pendances : une grange traditionnelle en pierre, d\u2019environ 420m\u00b2 en tr\u00e8s bon \u00e9tat (toiture r\u00e9cente), un b\u00e2timent d\u2019\u00e9levage d\u2019environ 420m\u00b2, un hangar (70m\u00b2), un garage et autres anciennes b\u00e2tisses. Puits. L\u2019ensemble sur 1,4 hectare de terrain.<\/p>\n<p>Les informations sur les risques auxquels ce bien est expos\u00e9 sont disponibles sur le site G\u00e9orisques : www.georisques.gouv.fr<\/p>\n","protected":false},"excerpt":{"rendered":"<p>Corps de ferme sur 1,4ha<br \/>\nVotre agence immobili\u00e8re AIP POUZAUGES vous propose :<br \/>\nCette grande maison de campagne \u00e0 r\u00e9nover avec de belles d\u00e9pendances situ\u00e9e entre Pouzauges, la Ch\u00e2taigneraie et Chantonnay,<br \/>\nSur 168 m\u00b2 habitables, la maison offre de plain-pied : une salle \u00e0 manger\/cuisine, un salon avec chemin\u00e9e, 5 chambres, une salle d\u2019eau, WC, une lingerie et une chaufferie (chaudi\u00e8re fuel\/bois). A l\u2019\u00e9tage : 2 beaux greniers am\u00e9nageables (80 et 108m\u00b2).<br \/>\nDu c\u00f4t\u00e9 des d\u00e9pendances : une grange traditionnelle en pierre, d\u2019environ 420m\u00b2 en tr\u00e8s bon \u00e9tat (toiture r\u00e9cente), un b\u00e2timent d\u2019\u00e9levage d\u2019environ 420m\u00b2, un hangar (70m\u00b2), un garage et autres anciennes b\u00e2tisses. Puits. L\u2019ensemble sur 1,4 hectare de terrain.<\/p>\n<p>Les informations sur les risques auxquels ce bien est expos\u00e9 sont disponibles sur le site G\u00e9orisques : www.georisques.gouv.fr<\/p>\n","protected":false},"featured_media":5876786,"template":"","meta":{"_acf_changed":false},"product_cat":[17],"product_tag":[29],"secteur":[84],"transaction":[],"ville":[159],"class_list":{"0":"post-5857060","1":"product","2":"type-product","3":"status-publish","4":"has-post-thumbnail","6":"product_cat-vente-vendee-deux-sevres","7":"product_tag-maison","8":"secteur-pouzauges","9":"ville-mouilleron-en-pareds","11":"first","12":"instock","13":"purchasable","14":"product-type-simple"},"acf":[],"_links":{"self":[{"href":"https:\/\/bocagimmo.com\/en\/wp-json\/wp\/v2\/product\/5857060","targetHints":{"allow":["GET"]}}],"collection":[{"href":"https:\/\/bocagimmo.com\/en\/wp-json\/wp\/v2\/product"}],"about":[{"href":"https:\/\/bocagimmo.com\/en\/wp-json\/wp\/v2\/types\/product"}],"wp:featuredmedia":[{"embeddable":true,"href":"https:\/\/bocagimmo.com\/en\/wp-json\/wp\/v2\/media\/5876786"}],"wp:attachment":[{"href":"https:\/\/bocagimmo.com\/en\/wp-json\/wp\/v2\/media?parent=5857060"}],"wp:term":[{"taxonomy":"product_cat","embeddable":true,"href":"https:\/\/bocagimmo.com\/en\/wp-json\/wp\/v2\/product_cat?post=5857060"},{"taxonomy":"product_tag","embeddable":true,"href":"https:\/\/bocagimmo.com\/en\/wp-json\/wp\/v2\/product_tag?post=5857060"},{"taxonomy":"secteur","embeddable":true,"href":"https:\/\/bocagimmo.com\/en\/wp-json\/wp\/v2\/secteur?post=5857060"},{"taxonomy":"transaction","embeddable":true,"href":"https:\/\/bocagimmo.com\/en\/wp-json\/wp\/v2\/transaction?post=5857060"},{"taxonomy":"ville","embeddable":true,"href":"https:\/\/bocagimmo.com\/en\/wp-json\/wp\/v2\/ville?post=5857060"}],"curies":[{"name":"wp","href":"https:\/\/api.w.org\/{rel}","templated":true}]}}