{"id":5876802,"date":"2026-02-23T12:03:00","date_gmt":"2026-02-23T11:03:00","guid":{"rendered":"https:\/\/bocagimmo.com\/bien\/non%20class\u00e9\/5876802\/"},"modified":"2026-02-23T13:41:42","modified_gmt":"2026-02-23T12:41:42","slug":"5876802","status":"publish","type":"product","link":"https:\/\/bocagimmo.com\/en\/bien\/vente-vendee-deux-sevres\/5876802\/","title":{"rendered":""},"content":{"rendered":"<p>Votre agence AIP POUZAUGES , vous propose cet ensemble immobilier comprenant :<br \/>\nau rez de chauss\u00e9e une  maison  de 158 m\u00b2 avec un hall d&#8217;entr\u00e9e, une cuisine \u00e9quip\u00e9e, un s\u00e9jour salon avec insert, 4 chambres, un bureau, une salle de bains ( douche -baignoire WC),  une buanderie avec wc, un d\u00e9barras, un garage avec portail \u00e9lectrique  de 45 M\u00b2 et autres pi\u00e8ces.  Une grande terrasse borde la maison  vous permettant de profiter du panorama.<br \/>\nUn second plateau comprenant 3 appartements T2 actuellement lou\u00e9s avec une entr\u00e9e individuelle.<br \/>\nEn rez de jardin un grand garage ( portail \u00e9lectrique)  avec bureau d&#8217;environ 200m\u00b2. l&#8217;ensemble est pos\u00e9 sur un terrain  de 3850 M\u00b2 situ\u00e9 en zone constructible   avec d&#8217;autres d\u00e9pendances. Les ouvertures sont PVC, il y a une pompe \u00e0 chaleur, les portails sont \u00e9lectriques.<br \/>\nUn bien rare \u00e0 Pouzauges, \u00e0 visiter rapidement!!<br \/>\n\u00ab Les informations sur les risques auxquels ce bien est expos\u00e9 sont disponibles sur le site G\u00e9orisques : www.georisques.gouv.fr \u00bb<\/p>\n","protected":false},"excerpt":{"rendered":"<p>Votre agence AIP POUZAUGES , vous propose cet ensemble immobilier comprenant :<br \/>\nau rez de chauss\u00e9e une  maison  de 158 m\u00b2 avec un hall d&#8217;entr\u00e9e, une cuisine \u00e9quip\u00e9e, un s\u00e9jour salon avec insert, 4 chambres, un bureau, une salle de bains ( douche -baignoire WC),  une buanderie avec wc, un d\u00e9barras, un garage avec portail \u00e9lectrique  de 45 M\u00b2 et autres pi\u00e8ces.  Une grande terrasse borde la maison  vous permettant de profiter du panorama.<br \/>\nUn second plateau comprenant 3 appartements T2 actuellement lou\u00e9s avec une entr\u00e9e individuelle.<br \/>\nEn rez de jardin un grand garage ( portail \u00e9lectrique)  avec bureau d&#8217;environ 200m\u00b2. l&#8217;ensemble est pos\u00e9 sur un terrain  de 3850 M\u00b2 situ\u00e9 en zone constructible   avec d&#8217;autres d\u00e9pendances. Les ouvertures sont PVC, il y a une pompe \u00e0 chaleur, les portails sont \u00e9lectriques.<br \/>\nUn bien rare \u00e0 Pouzauges, \u00e0 visiter rapidement!!<br \/>\n\u00ab Les informations sur les risques auxquels ce bien est expos\u00e9 sont disponibles sur le site G\u00e9orisques : www.georisques.gouv.fr \u00bb<\/p>\n","protected":false},"featured_media":5876803,"template":"","meta":{"_acf_changed":false},"product_cat":[17],"product_tag":[29],"secteur":[84],"transaction":[],"ville":[187],"class_list":{"0":"post-5876802","1":"product","2":"type-product","3":"status-publish","4":"has-post-thumbnail","6":"product_cat-vente-vendee-deux-sevres","7":"product_tag-maison","8":"secteur-pouzauges","9":"ville-pouzauges","11":"first","12":"instock","13":"purchasable","14":"product-type-simple"},"acf":[],"_links":{"self":[{"href":"https:\/\/bocagimmo.com\/en\/wp-json\/wp\/v2\/product\/5876802","targetHints":{"allow":["GET"]}}],"collection":[{"href":"https:\/\/bocagimmo.com\/en\/wp-json\/wp\/v2\/product"}],"about":[{"href":"https:\/\/bocagimmo.com\/en\/wp-json\/wp\/v2\/types\/product"}],"wp:featuredmedia":[{"embeddable":true,"href":"https:\/\/bocagimmo.com\/en\/wp-json\/wp\/v2\/media\/5876803"}],"wp:attachment":[{"href":"https:\/\/bocagimmo.com\/en\/wp-json\/wp\/v2\/media?parent=5876802"}],"wp:term":[{"taxonomy":"product_cat","embeddable":true,"href":"https:\/\/bocagimmo.com\/en\/wp-json\/wp\/v2\/product_cat?post=5876802"},{"taxonomy":"product_tag","embeddable":true,"href":"https:\/\/bocagimmo.com\/en\/wp-json\/wp\/v2\/product_tag?post=5876802"},{"taxonomy":"secteur","embeddable":true,"href":"https:\/\/bocagimmo.com\/en\/wp-json\/wp\/v2\/secteur?post=5876802"},{"taxonomy":"transaction","embeddable":true,"href":"https:\/\/bocagimmo.com\/en\/wp-json\/wp\/v2\/transaction?post=5876802"},{"taxonomy":"ville","embeddable":true,"href":"https:\/\/bocagimmo.com\/en\/wp-json\/wp\/v2\/ville?post=5876802"}],"curies":[{"name":"wp","href":"https:\/\/api.w.org\/{rel}","templated":true}]}}